{"id":109,"date":"2023-08-01T14:38:28","date_gmt":"2023-08-01T12:38:28","guid":{"rendered":"http:\/\/rec.enfancesenegal.fr\/?page_id=109"},"modified":"2023-10-13T02:35:02","modified_gmt":"2023-10-13T00:35:02","slug":"temoignages","status":"publish","type":"page","link":"https:\/\/koj-education.fr\/album.html\/temoignages\/","title":{"rendered":"T\u00e9moignages"},"content":{"rendered":"\t\t<div data-elementor-type=\"wp-page\" data-elementor-id=\"109\" class=\"elementor elementor-109\">\n\t\t\t\t\t\t<section class=\"elementor-section elementor-top-section elementor-element elementor-element-1cdf277 elementor-section-boxed elementor-section-height-default elementor-section-height-default\" data-id=\"1cdf277\" data-element_type=\"section\" data-e-type=\"section\">\n\t\t\t\t\t\t<div class=\"elementor-container elementor-column-gap-default\">\n\t\t\t\t\t<div class=\"elementor-column elementor-col-100 elementor-top-column elementor-element elementor-element-83f3093\" data-id=\"83f3093\" data-element_type=\"column\" data-e-type=\"column\">\n\t\t\t<div class=\"elementor-widget-wrap elementor-element-populated\">\n\t\t\t\t\t\t<div class=\"elementor-element elementor-element-c9cda0a elementor-widget elementor-widget-heading\" data-id=\"c9cda0a\" data-element_type=\"widget\" data-e-type=\"widget\" data-widget_type=\"heading.default\">\n\t\t\t\t<div class=\"elementor-widget-container\">\n\t\t\t\t\t<h2 class=\"elementor-heading-title elementor-size-default\">T\u00e9moignages<\/h2>\t\t\t\t<\/div>\n\t\t\t\t<\/div>\n\t\t\t\t\t<\/div>\n\t\t<\/div>\n\t\t\t\t\t<\/div>\n\t\t<\/section>\n\t\t\t\t<section class=\"elementor-section elementor-top-section elementor-element elementor-element-1e4304b elementor-section-boxed elementor-section-height-default elementor-section-height-default\" data-id=\"1e4304b\" data-element_type=\"section\" data-e-type=\"section\">\n\t\t\t\t\t\t<div class=\"elementor-container elementor-column-gap-default\">\n\t\t\t\t\t<div class=\"elementor-column elementor-col-100 elementor-top-column elementor-element elementor-element-2241790\" data-id=\"2241790\" data-element_type=\"column\" data-e-type=\"column\">\n\t\t\t<div class=\"elementor-widget-wrap elementor-element-populated\">\n\t\t\t\t\t\t<div class=\"elementor-element elementor-element-59adec9 elementor-absolute elementor-widget elementor-widget-button\" data-id=\"59adec9\" data-element_type=\"widget\" data-e-type=\"widget\" data-settings=\"{&quot;_position&quot;:&quot;absolute&quot;}\" data-widget_type=\"button.default\">\n\t\t\t\t<div class=\"elementor-widget-container\">\n\t\t\t\t\t\t\t\t\t<div class=\"elementor-button-wrapper\">\n\t\t\t\t\t<a class=\"elementor-button elementor-button-link elementor-size-sm\" href=\"\/son-temoignage\">\n\t\t\t\t\t\t<span class=\"elementor-button-content-wrapper\">\n\t\t\t\t\t\t\t\t\t<span class=\"elementor-button-text\">Partagez votre t\u00e9moignage ici<\/span>\n\t\t\t\t\t<\/span>\n\t\t\t\t\t<\/a>\n\t\t\t\t<\/div>\n\t\t\t\t\t\t\t\t<\/div>\n\t\t\t\t<\/div>\n\t\t\t\t\t<\/div>\n\t\t<\/div>\n\t\t\t\t\t<\/div>\n\t\t<\/section>\n\t\t\t\t<section class=\"elementor-section elementor-top-section elementor-element elementor-element-ab6bd82 elementor-section-boxed elementor-section-height-default elementor-section-height-default\" data-id=\"ab6bd82\" data-element_type=\"section\" data-e-type=\"section\">\n\t\t\t\t\t\t<div class=\"elementor-container elementor-column-gap-default\">\n\t\t\t\t\t<div class=\"elementor-column elementor-col-100 elementor-top-column elementor-element elementor-element-ca45207\" data-id=\"ca45207\" data-element_type=\"column\" data-e-type=\"column\">\n\t\t\t<div class=\"elementor-widget-wrap elementor-element-populated\">\n\t\t\t\t\t\t<div class=\"elementor-element elementor-element-e86da4b elementor-widget elementor-widget-spacer\" data-id=\"e86da4b\" data-element_type=\"widget\" data-e-type=\"widget\" data-widget_type=\"spacer.default\">\n\t\t\t\t<div class=\"elementor-widget-container\">\n\t\t\t\t\t\t\t<div class=\"elementor-spacer\">\n\t\t\t<div class=\"elementor-spacer-inner\"><\/div>\n\t\t<\/div>\n\t\t\t\t\t\t<\/div>\n\t\t\t\t<\/div>\n\t\t\t\t\t<\/div>\n\t\t<\/div>\n\t\t\t\t\t<\/div>\n\t\t<\/section>\n\t\t\t\t<section class=\"elementor-section elementor-top-section elementor-element elementor-element-2409bb2 elementor-section-boxed elementor-section-height-default elementor-section-height-default\" data-id=\"2409bb2\" data-element_type=\"section\" data-e-type=\"section\">\n\t\t\t\t\t\t<div class=\"elementor-container elementor-column-gap-default\">\n\t\t\t\t\t<div class=\"elementor-column elementor-col-100 elementor-top-column elementor-element elementor-element-84ca3f8\" data-id=\"84ca3f8\" data-element_type=\"column\" data-e-type=\"column\">\n\t\t\t<div class=\"elementor-widget-wrap elementor-element-populated\">\n\t\t\t\t\t\t<div class=\"elementor-element elementor-element-af9e59f elementor-widget elementor-widget-site_reviews\" data-id=\"af9e59f\" data-element_type=\"widget\" data-e-type=\"widget\" data-widget_type=\"site_reviews.default\">\n\t\t\t\t<div class=\"elementor-widget-container\">\n\t\t\t\t\t<div class=\"glsr glsr-default\" id=\"glsr_59f1ce6b\" data-from=\"elementor\" data-shortcode=\"site_reviews\" data-display=\"10\" data-hide=\"rating\"><div class=\"glsr-reviews-wrap\">\n    <div class=\"glsr-reviews\">\n        <div class=\"glsr-review\" data-type=\"local\" id=\"review-935\" data-assigned='[]'>\n    <div class=\"glsr-review-title\"><h4 class=\"glsr-tag-value\">Notre t\u00e9moignage<\/h4><\/div>\n     <div class=\"glsr-review-date\"><span class=\"glsr-tag-value\">13 octobre 2023<\/span><\/div>\n    \n    <div class=\"glsr-review-content\"><div class=\"glsr-tag-value\" data-expanded=\"false\"><p>Lorsque V\u00e9ronique a annonc\u00e9 son intention de cr\u00e9er cette maison d\u2019accueil et notamment avec Rassoul qui conna\u00eet parfaitement la r\u00e9gion, ses difficult\u00e9s, sa pauvret\u00e9, j\u2019ai propos\u00e9 \u00e0 mes enfants de faire partie de cette belle aventure.<\/p>\n<p>Ils ont \u00e9t\u00e9 d\u2019accord imm\u00e9diatement.<\/p>\n<p class=\"glsr-hidden-text\" data-show-less=\"Afficher moins\" data-show-more=\"Afficher plus\" data-trigger=\"expand\">Nous avons choisi de parrainer Abdoulaye (j\u2019ai 3 filles et 1 fils, il fallait \u00e9qui<span class=\"glsr-hidden\">librer la famille !).<\/span><\/p>\n<p class=\"glsr-hidden\">Donc un gar\u00e7on\u2026 et c\u2019est son sourire qui nous a fait craquer.<\/p>\n<p class=\"glsr-hidden\">Voici 4 ans que nous suivons Abdoulaye, ses progr\u00e8s en classe, sa croissance, sa famille.<\/p>\n<p class=\"glsr-hidden\">Gr\u00e2ce au groupe WhatsApp, nous avons des nouvelles des enfants, de leurs activit\u00e9s, de tout ce qui se passe dans la maison, des anniversaires\u2026 avec photos \uf04a<\/p>\n<p class=\"glsr-hidden\">Une tr\u00e8s belle aventure et le sentiment de se sentir utiles pour toute la famille<\/p>\n<p class=\"glsr-hidden\">Nous avons fait la connaissance d\u2019Abdoulaye en 2019 et esp\u00e9rons retourner le voir prochainement<\/p><\/div><\/div>\n    <div class=\"glsr-review-avatar\"><img loading=\"lazy\" decoding=\"async\" style=\"width:40px; height:40px;\" alt=\"Avatar de La famille PALHARES\" height=\"80\" loading=\"lazy\" src=\"https:\/\/secure.gravatar.com\/avatar?d=identicon&amp;s=80\" width=\"80\" \/><\/div> <div class=\"glsr-review-author\"><span class=\"glsr-tag-value\">La famille PALHARES<\/span><\/div> \n    \n<\/div>\n    <\/div>\n    \n<\/div><\/div>\t\t\t\t<\/div>\n\t\t\t\t<\/div>\n\t\t\t\t\t<\/div>\n\t\t<\/div>\n\t\t\t\t\t<\/div>\n\t\t<\/section>\n\t\t\t\t<\/div>\n\t\t","protected":false},"excerpt":{"rendered":"<p>T\u00e9moignages Partagez votre t\u00e9moignage ici Notre t\u00e9moignage 13 octobre 2023 Lorsque V\u00e9ronique a annonc\u00e9 son intention de cr\u00e9er cette maison d\u2019accueil et notamment avec Rassoul qui conna\u00eet parfaitement la r\u00e9gion, ses difficult\u00e9s, sa pauvret\u00e9, j\u2019ai propos\u00e9 \u00e0 mes enfants de faire partie de cette belle aventure. Ils ont \u00e9t\u00e9 d\u2019accord imm\u00e9diatement. Nous avons choisi de [&hellip;]<\/p>\n","protected":false},"author":1,"featured_media":0,"parent":0,"menu_order":0,"comment_status":"closed","ping_status":"closed","template":"","meta":{"_monsterinsights_skip_tracking":false,"_monsterinsights_sitenote_active":false,"_monsterinsights_sitenote_note":"","_monsterinsights_sitenote_category":0,"_glsr_average":0,"_glsr_ranking":0,"_glsr_reviews":0,"footnotes":""},"class_list":["post-109","page","type-page","status-publish","hentry"],"blocksy_meta":[],"_links":{"self":[{"href":"https:\/\/koj-education.fr\/album.html\/wp-json\/wp\/v2\/pages\/109","targetHints":{"allow":["GET"]}}],"collection":[{"href":"https:\/\/koj-education.fr\/album.html\/wp-json\/wp\/v2\/pages"}],"about":[{"href":"https:\/\/koj-education.fr\/album.html\/wp-json\/wp\/v2\/types\/page"}],"author":[{"embeddable":true,"href":"https:\/\/koj-education.fr\/album.html\/wp-json\/wp\/v2\/users\/1"}],"replies":[{"embeddable":true,"href":"https:\/\/koj-education.fr\/album.html\/wp-json\/wp\/v2\/comments?post=109"}],"version-history":[{"count":34,"href":"https:\/\/koj-education.fr\/album.html\/wp-json\/wp\/v2\/pages\/109\/revisions"}],"predecessor-version":[{"id":942,"href":"https:\/\/koj-education.fr\/album.html\/wp-json\/wp\/v2\/pages\/109\/revisions\/942"}],"wp:attachment":[{"href":"https:\/\/koj-education.fr\/album.html\/wp-json\/wp\/v2\/media?parent=109"}],"curies":[{"name":"wp","href":"https:\/\/api.w.org\/{rel}","templated":true}]}}