{"id":121,"date":"2023-08-01T14:39:26","date_gmt":"2023-08-01T12:39:26","guid":{"rendered":"http:\/\/rec.enfancesenegal.fr\/?page_id=121"},"modified":"2023-10-12T19:47:50","modified_gmt":"2023-10-12T17:47:50","slug":"histoire","status":"publish","type":"page","link":"https:\/\/koj-education.fr\/album.html\/histoire\/","title":{"rendered":"L&rsquo;histoire"},"content":{"rendered":"\t\t<div data-elementor-type=\"wp-page\" data-elementor-id=\"121\" class=\"elementor elementor-121\">\n\t\t\t\t\t\t<section class=\"elementor-section elementor-top-section elementor-element elementor-element-212bfa4 elementor-section-boxed elementor-section-height-default elementor-section-height-default\" data-id=\"212bfa4\" data-element_type=\"section\" data-e-type=\"section\">\n\t\t\t\t\t\t<div class=\"elementor-container elementor-column-gap-default\">\n\t\t\t\t\t<div class=\"elementor-column elementor-col-100 elementor-top-column elementor-element elementor-element-69ac8a7\" data-id=\"69ac8a7\" data-element_type=\"column\" data-e-type=\"column\">\n\t\t\t<div class=\"elementor-widget-wrap elementor-element-populated\">\n\t\t\t\t\t\t<div class=\"elementor-element elementor-element-0753790 elementor-widget elementor-widget-heading\" data-id=\"0753790\" data-element_type=\"widget\" data-e-type=\"widget\" data-widget_type=\"heading.default\">\n\t\t\t\t<div class=\"elementor-widget-container\">\n\t\t\t\t\t<h2 class=\"elementor-heading-title elementor-size-default\">L'histoire<\/h2>\t\t\t\t<\/div>\n\t\t\t\t<\/div>\n\t\t\t\t\t<\/div>\n\t\t<\/div>\n\t\t\t\t\t<\/div>\n\t\t<\/section>\n\t\t\t\t<section class=\"elementor-section elementor-top-section elementor-element elementor-element-6ece41e elementor-section-boxed elementor-section-height-default elementor-section-height-default\" data-id=\"6ece41e\" data-element_type=\"section\" data-e-type=\"section\">\n\t\t\t\t\t\t<div class=\"elementor-container elementor-column-gap-default\">\n\t\t\t\t\t<div class=\"elementor-column elementor-col-100 elementor-top-column elementor-element elementor-element-afe730b\" data-id=\"afe730b\" data-element_type=\"column\" data-e-type=\"column\">\n\t\t\t<div class=\"elementor-widget-wrap elementor-element-populated\">\n\t\t\t\t\t\t<div class=\"elementor-element elementor-element-3906ada elementor-widget elementor-widget-text-editor\" data-id=\"3906ada\" data-element_type=\"widget\" data-e-type=\"widget\" data-widget_type=\"text-editor.default\">\n\t\t\t\t<div class=\"elementor-widget-container\">\n\t\t\t\t\t\t\t\t\t<p><br \/>Lorsque les retrouvailles deviennent une \u00e9vidence et une source d&rsquo;inspiration&#8230; C&rsquo;est le r\u00e9cit de V\u00e9ronique et Rassoul, les fondateurs de ce projet. En cours d&rsquo;ann\u00e9e 2018, ils ont d\u00e9cid\u00e9 de s&rsquo;unir pour cr\u00e9er une Maison d&rsquo;Accueil \u00e0 Foundiougne, dans la r\u00e9gion de Fatick au S\u00e9n\u00e9gal, situ\u00e9e \u00e0 140 km au sud de Dakar, sur les rives du fleuve Sine Saloum. Cette paisible localit\u00e9, ax\u00e9e principalement sur la p\u00eache, la culture de fruits et d&rsquo;arachides, ne disposait pas encore d&rsquo;une organisation novatrice et solidaire pour prendre en charge int\u00e9gralement les enfants d\u00e9favoris\u00e9s en termes d&rsquo;\u00e9ducation, d&rsquo;h\u00e9bergement, et de soins.<\/p><p>Gr\u00e2ce \u00e0 leur engagement personnel au sein d&rsquo;organisations humanitaires pendant de nombreuses ann\u00e9es, \u00e0 leur connaissance approfondie des besoins de la r\u00e9gion, et \u00e0 leurs exp\u00e9riences de vie, V\u00e9ronique et Rassoul ont pu concevoir ce projet exceptionnel. Leur vision ne se limitait pas seulement \u00e0 offrir aux jeunes enfants un refuge paisible et s\u00e9curis\u00e9, mais \u00e9galement \u00e0 leur offrir un acc\u00e8s \u00e0 une excellente \u00e9ducation gr\u00e2ce \u00e0 une \u00e9cole de qualit\u00e9 \u00e0 proximit\u00e9, dans le but de leur donner la possibilit\u00e9 de b\u00e2tir leur avenir personnel et professionnel, de nourrir l&rsquo;espoir et de choisir leur propre destin.<\/p><p>Ce r\u00eave est devenu une merveilleuse r\u00e9alit\u00e9 en septembre 2019, avec la construction de la Maison d&rsquo;Accueil, qui depuis lors, sert de mod\u00e8le \u00e9ducatif au sein de la communaut\u00e9.\u00a0<\/p><p>C&rsquo;est ainsi que l&rsquo;Association Kids of the Joy (KOJ) a vu le jour, r\u00e9sultat de la volont\u00e9 commune de cr\u00e9er un monde meilleur&#8230;<\/p>\t\t\t\t\t\t\t\t<\/div>\n\t\t\t\t<\/div>\n\t\t\t\t\t<\/div>\n\t\t<\/div>\n\t\t\t\t\t<\/div>\n\t\t<\/section>\n\t\t\t\t<section class=\"elementor-section elementor-top-section elementor-element elementor-element-595404c elementor-section-boxed elementor-section-height-default elementor-section-height-default\" data-id=\"595404c\" data-element_type=\"section\" data-e-type=\"section\">\n\t\t\t\t\t\t<div class=\"elementor-container elementor-column-gap-default\">\n\t\t\t\t\t<div class=\"elementor-column elementor-col-100 elementor-top-column elementor-element elementor-element-af9406e\" data-id=\"af9406e\" data-element_type=\"column\" data-e-type=\"column\">\n\t\t\t<div class=\"elementor-widget-wrap elementor-element-populated\">\n\t\t\t\t\t\t<div class=\"elementor-element elementor-element-b077ba8 elementor-widget elementor-widget-shortcode\" data-id=\"b077ba8\" data-element_type=\"widget\" data-e-type=\"widget\" data-widget_type=\"shortcode.default\">\n\t\t\t\t<div class=\"elementor-widget-container\">\n\t\t\t\t\t\t\t<div class=\"elementor-shortcode\"><div  id=\"jtg-388\" class=\"modula modula-gallery modula-columns\" data-config=\"{&quot;tabletHeight&quot;:0,&quot;mobileHeight&quot;:0,&quot;desktopHeight&quot;:0,&quot;enableTwitter&quot;:false,&quot;enableWhatsapp&quot;:false,&quot;enableFacebook&quot;:false,&quot;enablePinterest&quot;:false,&quot;enableLinkedin&quot;:false,&quot;enableEmail&quot;:false,&quot;randomFactor&quot;:0,&quot;type&quot;:&quot;grid&quot;,&quot;columns&quot;:12,&quot;gutter&quot;:10,&quot;mobileGutter&quot;:10,&quot;tabletGutter&quot;:10,&quot;desktopGutter&quot;:10,&quot;enableResponsive&quot;:&quot;0&quot;,&quot;tabletColumns&quot;:&quot;2&quot;,&quot;mobileColumns&quot;:&quot;1&quot;,&quot;lazyLoad&quot;:0,&quot;lightboxOpts&quot;:{&quot;animated&quot;:true,&quot;Thumbs&quot;:{&quot;type&quot;:&quot;modern&quot;,&quot;showOnStart&quot;:false},&quot;Toolbar&quot;:{&quot;display&quot;:{&quot;right&quot;:[&quot;close&quot;]},&quot;enabled&quot;:true},&quot;Carousel&quot;:{&quot;Panzoom&quot;:{&quot;touch&quot;:false},&quot;infinite&quot;:false},&quot;keyboard&quot;:{&quot;Escape&quot;:&quot;close&quot;,&quot;Delete&quot;:&quot;close&quot;,&quot;Backspace&quot;:&quot;close&quot;,&quot;PageUp&quot;:false,&quot;PageDown&quot;:false,&quot;ArrowUp&quot;:false,&quot;ArrowDown&quot;:false,&quot;ArrowRight&quot;:false,&quot;ArrowLeft&quot;:false},&quot;touch&quot;:false,&quot;backdropClick&quot;:false,&quot;l10n&quot;:{&quot;CLOSE&quot;:&quot;Close&quot;,&quot;NEXT&quot;:&quot;Next&quot;,&quot;PREV&quot;:&quot;Previous&quot;,&quot;Error&quot;:&quot;The requested content cannot be loaded. Please try again later.&quot;,&quot;PLAY_START&quot;:&quot;Start slideshow&quot;,&quot;PLAY_STOP&quot;:&quot;Pause slideshow&quot;,&quot;FULL_SCREEN&quot;:&quot;Full screen&quot;,&quot;THUMBS&quot;:&quot;Thumbnails&quot;,&quot;DOWNLOAD&quot;:&quot;Download&quot;,&quot;SHARE&quot;:&quot;Share&quot;,&quot;ZOOM&quot;:&quot;Zoom&quot;,&quot;EMAIL&quot;:&quot;Here is the link to the image : %%image_link%% and this is the link to the gallery : %%gallery_link%%&quot;,&quot;MODAL&quot;:&quot;You can close this modal content with the ESC key&quot;,&quot;ERROR&quot;:&quot;Something Went Wrong, Please Try Again Later&quot;,&quot;IMAGE_ERROR&quot;:&quot;Image Not Found&quot;,&quot;ELEMENT_NOT_FOUND&quot;:&quot;HTML Element Not Found&quot;,&quot;AJAX_NOT_FOUND&quot;:&quot;Error Loading AJAX : Not Found&quot;,&quot;AJAX_FORBIDDEN&quot;:&quot;Error Loading AJAX : Forbidden&quot;,&quot;IFRAME_ERROR&quot;:&quot;Error Loading Page&quot;,&quot;TOGGLE_ZOOM&quot;:&quot;Toggle zoom level&quot;,&quot;TOGGLE_THUMBS&quot;:&quot;Toggle thumbnails&quot;,&quot;TOGGLE_SLIDESHOW&quot;:&quot;Toggle slideshow&quot;,&quot;TOGGLE_FULLSCREEN&quot;:&quot;Toggle full-screen mode&quot;},&quot;Images&quot;:{&quot;Panzoom&quot;:{&quot;maxScale&quot;:2}},&quot;mainClass&quot;:&quot;modula-fancybox-container modula-lightbox-jtg-388&quot;,&quot;Html&quot;:{&quot;videoAutoplay&quot;:0,&quot;videoTpl&quot;:&quot;&lt;video class=\\&quot;fancybox__html5video\\&quot; controls muted playsinline controlsList controlsList=\\&quot;nodownload\\&quot; poster=\\&quot;{{poster}}\\&quot; src=\\&quot;{{src}}\\&quot; type=\\&quot;{{format}}\\&quot; &gt;  Sorry, your browser doesn&#039;t support embedded videos, &lt;a href=\\&quot;{{src}}\\&quot;&gt; download &lt;\\\/a&gt; and watch with your favorite video player! &lt;\\\/video&gt;&quot;}},&quot;inView&quot;:false,&quot;email_subject&quot;:&quot;Check out this awesome image !!&quot;,&quot;email_message&quot;:&quot;Here is the link to the image : %%image_link%% and this is the link to the gallery : %%gallery_link%%&quot;,&quot;grid_type&quot;:&quot;automatic&quot;,&quot;rowHeight&quot;:200,&quot;lastRow&quot;:&quot;justify&quot;,&quot;lightbox&quot;:&quot;fancybox&quot;}\">\n\n\t\n\t<div  class=\"modula-items grid-gallery\">\n\t\t<div class=\"modula-item effect-pufrobo\" >\n\t<div class=\"modula-item-overlay\"><\/div>\n\n\t<div class=\"modula-item-content\">\n\n\t\t\t\t\n\t\t\t\t\t<a data-image-id=\"404\" role=\"button\" data-elementor-open-lightbox=\"no\" tabindex=\"0\" rel=\"jtg-388\" data-caption=\"\" aria-label=\"Open image in lightbox\" class=\"tile-inner modula-item-link\"><\/a>\n\t\t\n\t\t<img fetchpriority=\"high\" decoding=\"async\" class=\"pic wp-image-404\"  data-valign=\"middle\" data-halign=\"center\" alt=\"\" data-full=\"https:\/\/koj-education.fr\/wp-content\/uploads\/2023\/10\/0a5883db-5370-4969-87a0-2025beda57dc-4.jpg\" title=\"Construction _ 2019\" width=\"1008\" height=\"756\" src=\"https:\/\/koj-education.fr\/wp-content\/uploads\/2023\/10\/0a5883db-5370-4969-87a0-2025beda57dc-4.jpg\" data-src=\"https:\/\/koj-education.fr\/wp-content\/uploads\/2023\/10\/0a5883db-5370-4969-87a0-2025beda57dc-4.jpg\" data-caption=\"\" srcset=\"https:\/\/koj-education.fr\/wp-content\/uploads\/2023\/10\/0a5883db-5370-4969-87a0-2025beda57dc-4.jpg 1008w, https:\/\/koj-education.fr\/wp-content\/uploads\/2023\/10\/0a5883db-5370-4969-87a0-2025beda57dc-4-300x225.jpg 300w, https:\/\/koj-education.fr\/wp-content\/uploads\/2023\/10\/0a5883db-5370-4969-87a0-2025beda57dc-4-768x576.jpg 768w\" sizes=\"(max-width: 1008px) 100vw, 1008px\" \/>\n\t\t<div class=\"figc no-description\">\n\t\t\t<div class=\"figc-inner\">\n\t\t\t\t\t\t\t\t\t\t\t\t\t\t\t<\/div>\n\t\t<\/div>\n\n\t<\/div>\n\n<\/div><div class=\"modula-item effect-pufrobo\" >\n\t<div class=\"modula-item-overlay\"><\/div>\n\n\t<div class=\"modula-item-content\">\n\n\t\t\t\t\n\t\t\t\t\t<a data-image-id=\"373\" role=\"button\" data-elementor-open-lightbox=\"no\" tabindex=\"0\" rel=\"jtg-388\" data-caption=\"\" aria-label=\"Open image in lightbox\" class=\"tile-inner modula-item-link\"><\/a>\n\t\t\n\t\t<img decoding=\"async\" class=\"pic wp-image-373\"  data-valign=\"middle\" data-halign=\"center\" alt=\"\" data-full=\"https:\/\/koj-education.fr\/wp-content\/uploads\/2023\/10\/2a9f7587-6791-4f21-81a7-45d55fb6935e.jpg\" title=\"Construction _ 2019\" width=\"756\" height=\"1008\" src=\"https:\/\/koj-education.fr\/wp-content\/uploads\/2023\/10\/2a9f7587-6791-4f21-81a7-45d55fb6935e.jpg\" data-src=\"https:\/\/koj-education.fr\/wp-content\/uploads\/2023\/10\/2a9f7587-6791-4f21-81a7-45d55fb6935e.jpg\" data-caption=\"\" srcset=\"https:\/\/koj-education.fr\/wp-content\/uploads\/2023\/10\/2a9f7587-6791-4f21-81a7-45d55fb6935e.jpg 756w, https:\/\/koj-education.fr\/wp-content\/uploads\/2023\/10\/2a9f7587-6791-4f21-81a7-45d55fb6935e-225x300.jpg 225w\" sizes=\"(max-width: 756px) 100vw, 756px\" \/>\n\t\t<div class=\"figc no-description\">\n\t\t\t<div class=\"figc-inner\">\n\t\t\t\t\t\t\t\t\t\t\t\t\t\t\t<\/div>\n\t\t<\/div>\n\n\t<\/div>\n\n<\/div><div class=\"modula-item effect-pufrobo\" >\n\t<div class=\"modula-item-overlay\"><\/div>\n\n\t<div class=\"modula-item-content\">\n\n\t\t\t\t\n\t\t\t\t\t<a data-image-id=\"405\" role=\"button\" data-elementor-open-lightbox=\"no\" tabindex=\"0\" rel=\"jtg-388\" data-caption=\"\" aria-label=\"Open image in lightbox\" class=\"tile-inner modula-item-link\"><\/a>\n\t\t\n\t\t<img decoding=\"async\" class=\"pic wp-image-405\"  data-valign=\"middle\" data-halign=\"center\" alt=\"\" data-full=\"https:\/\/koj-education.fr\/wp-content\/uploads\/2023\/10\/6705b080-3168-461a-84f4-ce21218899e2.jpg\" title=\"Construction _ 2019\" width=\"1008\" height=\"756\" src=\"https:\/\/koj-education.fr\/wp-content\/uploads\/2023\/10\/6705b080-3168-461a-84f4-ce21218899e2.jpg\" data-src=\"https:\/\/koj-education.fr\/wp-content\/uploads\/2023\/10\/6705b080-3168-461a-84f4-ce21218899e2.jpg\" data-caption=\"\" srcset=\"https:\/\/koj-education.fr\/wp-content\/uploads\/2023\/10\/6705b080-3168-461a-84f4-ce21218899e2.jpg 1008w, https:\/\/koj-education.fr\/wp-content\/uploads\/2023\/10\/6705b080-3168-461a-84f4-ce21218899e2-300x225.jpg 300w, https:\/\/koj-education.fr\/wp-content\/uploads\/2023\/10\/6705b080-3168-461a-84f4-ce21218899e2-768x576.jpg 768w\" sizes=\"(max-width: 1008px) 100vw, 1008px\" \/>\n\t\t<div class=\"figc no-description\">\n\t\t\t<div class=\"figc-inner\">\n\t\t\t\t\t\t\t\t\t\t\t\t\t\t\t<\/div>\n\t\t<\/div>\n\n\t<\/div>\n\n<\/div><div class=\"modula-item effect-pufrobo\" >\n\t<div class=\"modula-item-overlay\"><\/div>\n\n\t<div class=\"modula-item-content\">\n\n\t\t\t\t\n\t\t\t\t\t<a data-image-id=\"407\" role=\"button\" data-elementor-open-lightbox=\"no\" tabindex=\"0\" rel=\"jtg-388\" data-caption=\"\" aria-label=\"Open image in lightbox\" class=\"tile-inner modula-item-link\"><\/a>\n\t\t\n\t\t<img loading=\"lazy\" decoding=\"async\" class=\"pic wp-image-407\"  data-valign=\"middle\" data-halign=\"center\" alt=\"\" data-full=\"https:\/\/koj-education.fr\/wp-content\/uploads\/2023\/10\/5e3f8a1e-5752-4234-9973-fc8ff3b784b5.jpg\" title=\"Maison _ 2020\" width=\"1008\" height=\"756\" src=\"https:\/\/koj-education.fr\/wp-content\/uploads\/2023\/10\/5e3f8a1e-5752-4234-9973-fc8ff3b784b5.jpg\" data-src=\"https:\/\/koj-education.fr\/wp-content\/uploads\/2023\/10\/5e3f8a1e-5752-4234-9973-fc8ff3b784b5.jpg\" data-caption=\"\" srcset=\"https:\/\/koj-education.fr\/wp-content\/uploads\/2023\/10\/5e3f8a1e-5752-4234-9973-fc8ff3b784b5.jpg 1008w, https:\/\/koj-education.fr\/wp-content\/uploads\/2023\/10\/5e3f8a1e-5752-4234-9973-fc8ff3b784b5-300x225.jpg 300w, https:\/\/koj-education.fr\/wp-content\/uploads\/2023\/10\/5e3f8a1e-5752-4234-9973-fc8ff3b784b5-768x576.jpg 768w\" sizes=\"(max-width: 1008px) 100vw, 1008px\" \/>\n\t\t<div class=\"figc no-description\">\n\t\t\t<div class=\"figc-inner\">\n\t\t\t\t\t\t\t\t\t\t\t\t\t\t\t<\/div>\n\t\t<\/div>\n\n\t<\/div>\n\n<\/div>\t\t\n\t<\/div>\n\n\t\n\t\n\t<script type=\"application\/ld+json\">\n\t{\n\t\t\"@context\": \"http:\/\/schema.org\",\n\t\t\"@type\"   : \"ImageGallery\",\n\t\t\"id\"      : \"https:\/\/koj-education.fr\/album.html\/histoire\/\",\n\t\t\"url\"     : \"https:\/\/koj-education.fr\/album.html\/histoire\/\"\n\t}\n\n\t<\/script>\n\n\t\n<\/div>\n<\/div>\n\t\t\t\t\t\t<\/div>\n\t\t\t\t<\/div>\n\t\t\t\t<div class=\"elementor-element elementor-element-7367136 elementor-widget elementor-widget-shortcode\" data-id=\"7367136\" data-element_type=\"widget\" data-e-type=\"widget\" data-widget_type=\"shortcode.default\">\n\t\t\t\t<div class=\"elementor-widget-container\">\n\t\t\t\t\t\t\t<div class=\"elementor-shortcode\"><\/div>\n\t\t\t\t\t\t<\/div>\n\t\t\t\t<\/div>\n\t\t\t\t\t<\/div>\n\t\t<\/div>\n\t\t\t\t\t<\/div>\n\t\t<\/section>\n\t\t\t\t<\/div>\n\t\t","protected":false},"excerpt":{"rendered":"<p>L&rsquo;histoire Lorsque les retrouvailles deviennent une \u00e9vidence et une source d&rsquo;inspiration&#8230; C&rsquo;est le r\u00e9cit de V\u00e9ronique et Rassoul, les fondateurs de ce projet. En cours d&rsquo;ann\u00e9e 2018, ils ont d\u00e9cid\u00e9 de s&rsquo;unir pour cr\u00e9er une Maison d&rsquo;Accueil \u00e0 Foundiougne, dans la r\u00e9gion de Fatick au S\u00e9n\u00e9gal, situ\u00e9e \u00e0 140 km au sud de Dakar, sur [&hellip;]<\/p>\n","protected":false},"author":1,"featured_media":0,"parent":0,"menu_order":0,"comment_status":"closed","ping_status":"closed","template":"","meta":{"_monsterinsights_skip_tracking":false,"_monsterinsights_sitenote_active":false,"_monsterinsights_sitenote_note":"","_monsterinsights_sitenote_category":0,"_glsr_average":0,"_glsr_ranking":0,"_glsr_reviews":0,"footnotes":""},"class_list":["post-121","page","type-page","status-publish","hentry"],"blocksy_meta":[],"_links":{"self":[{"href":"https:\/\/koj-education.fr\/album.html\/wp-json\/wp\/v2\/pages\/121","targetHints":{"allow":["GET"]}}],"collection":[{"href":"https:\/\/koj-education.fr\/album.html\/wp-json\/wp\/v2\/pages"}],"about":[{"href":"https:\/\/koj-education.fr\/album.html\/wp-json\/wp\/v2\/types\/page"}],"author":[{"embeddable":true,"href":"https:\/\/koj-education.fr\/album.html\/wp-json\/wp\/v2\/users\/1"}],"replies":[{"embeddable":true,"href":"https:\/\/koj-education.fr\/album.html\/wp-json\/wp\/v2\/comments?post=121"}],"version-history":[{"count":35,"href":"https:\/\/koj-education.fr\/album.html\/wp-json\/wp\/v2\/pages\/121\/revisions"}],"predecessor-version":[{"id":417,"href":"https:\/\/koj-education.fr\/album.html\/wp-json\/wp\/v2\/pages\/121\/revisions\/417"}],"wp:attachment":[{"href":"https:\/\/koj-education.fr\/album.html\/wp-json\/wp\/v2\/media?parent=121"}],"curies":[{"name":"wp","href":"https:\/\/api.w.org\/{rel}","templated":true}]}}