{"id":153,"date":"2023-08-08T20:11:14","date_gmt":"2023-08-08T18:11:14","guid":{"rendered":"http:\/\/rec.enfancesenegal.fr\/?page_id=153"},"modified":"2023-10-13T22:02:28","modified_gmt":"2023-10-13T20:02:28","slug":"les-parrains-marraines","status":"publish","type":"page","link":"https:\/\/koj-education.fr\/album.html\/les-parrains-marraines\/","title":{"rendered":"Les parrains-marraines"},"content":{"rendered":"\t\t<div data-elementor-type=\"wp-page\" data-elementor-id=\"153\" class=\"elementor elementor-153\">\n\t\t\t\t\t\t<section class=\"elementor-section elementor-top-section elementor-element elementor-element-22c5366 elementor-section-boxed elementor-section-height-default elementor-section-height-default\" data-id=\"22c5366\" data-element_type=\"section\" data-e-type=\"section\">\n\t\t\t\t\t\t<div class=\"elementor-container elementor-column-gap-default\">\n\t\t\t\t\t<div class=\"elementor-column elementor-col-100 elementor-top-column elementor-element elementor-element-487e305\" data-id=\"487e305\" data-element_type=\"column\" data-e-type=\"column\">\n\t\t\t<div class=\"elementor-widget-wrap elementor-element-populated\">\n\t\t\t\t\t\t<div class=\"elementor-element elementor-element-5fc5284 elementor-widget elementor-widget-heading\" data-id=\"5fc5284\" data-element_type=\"widget\" data-e-type=\"widget\" data-widget_type=\"heading.default\">\n\t\t\t\t<div class=\"elementor-widget-container\">\n\t\t\t\t\t<h2 class=\"elementor-heading-title elementor-size-default\">Les parrains-marraines<\/h2>\t\t\t\t<\/div>\n\t\t\t\t<\/div>\n\t\t\t\t\t<\/div>\n\t\t<\/div>\n\t\t\t\t\t<\/div>\n\t\t<\/section>\n\t\t\t\t<section class=\"elementor-section elementor-top-section elementor-element elementor-element-bdd78e3 elementor-section-boxed elementor-section-height-default elementor-section-height-default\" data-id=\"bdd78e3\" data-element_type=\"section\" data-e-type=\"section\">\n\t\t\t\t\t\t<div class=\"elementor-container elementor-column-gap-default\">\n\t\t\t\t\t<div class=\"elementor-column elementor-col-100 elementor-top-column elementor-element elementor-element-5b81135\" data-id=\"5b81135\" data-element_type=\"column\" data-e-type=\"column\">\n\t\t\t<div class=\"elementor-widget-wrap elementor-element-populated\">\n\t\t\t\t\t\t<div class=\"elementor-element elementor-element-749ef72 elementor-widget elementor-widget-text-editor\" data-id=\"749ef72\" data-element_type=\"widget\" data-e-type=\"widget\" data-widget_type=\"text-editor.default\">\n\t\t\t\t<div class=\"elementor-widget-container\">\n\t\t\t\t\t\t\t\t\t<p><br \/>Chaque enfant b\u00e9n\u00e9ficie actuellement de l&rsquo;accompagnement bienveillant d&rsquo;une marraine et\/ou d&rsquo;un parrain, qui ne sont pas n\u00e9cessairement de nationalit\u00e9 fran\u00e7aise. Au-del\u00e0 de l&rsquo;aspect financier, ces personnes sont choisies en raison de leurs profondes valeurs humaines et de leur engagement \u00e0 partager leur chemin de vie avec l&rsquo;enfant. Ils int\u00e8grent l&rsquo;enfant comme un membre \u00e0 part enti\u00e8re de leur famille, renfor\u00e7ant ainsi les liens affectifs et sociaux.<\/p><p><span style=\"font-size: inherit; text-align: inherit; background-color: var(--palettecolor3); color: var(--theme-text-color); font-family: var(--fontFamily); font-style: var(--fontStyle, inherit); font-weight: var(--fontWeight); letter-spacing: var(--letterSpacing); text-transform: var(--textTransform);\">Ces marraines et parrains jouent un r\u00f4le essentiel dans la vie de l&rsquo;enfant. Ils deviennent des mod\u00e8les inspirants et des points de r\u00e9f\u00e9rence importants. En plus de soutenir financi\u00e8rement l&rsquo;enfant, ils se pr\u00e9occupent de ses progr\u00e8s, le visitent, offrent des conseils avis\u00e9s, et apportent une aide pr\u00e9cieuse dans son parcours de vie. Leur relation transcende le simple parrainage financier pour devenir une source de soutien, d&rsquo;inspiration et d&rsquo;affection durable, contribuant ainsi \u00e0 l&rsquo;\u00e9panouissement et \u00e0 la r\u00e9ussite de l&rsquo;enfant.<br \/><br \/><\/span><\/p>\t\t\t\t\t\t\t\t<\/div>\n\t\t\t\t<\/div>\n\t\t\t\t\t<\/div>\n\t\t<\/div>\n\t\t\t\t\t<\/div>\n\t\t<\/section>\n\t\t\t\t<section class=\"elementor-section elementor-top-section elementor-element elementor-element-875bf3e elementor-section-boxed elementor-section-height-default elementor-section-height-default\" data-id=\"875bf3e\" data-element_type=\"section\" data-e-type=\"section\">\n\t\t\t\t\t\t<div class=\"elementor-container elementor-column-gap-default\">\n\t\t\t\t\t<div class=\"elementor-column elementor-col-100 elementor-top-column elementor-element elementor-element-2283291\" data-id=\"2283291\" data-element_type=\"column\" data-e-type=\"column\">\n\t\t\t<div class=\"elementor-widget-wrap elementor-element-populated\">\n\t\t\t\t\t\t<div class=\"elementor-element elementor-element-5970624 elementor-widget elementor-widget-shortcode\" data-id=\"5970624\" data-element_type=\"widget\" data-e-type=\"widget\" data-widget_type=\"shortcode.default\">\n\t\t\t\t<div class=\"elementor-widget-container\">\n\t\t\t\t\t\t\t<div class=\"elementor-shortcode\"><div  id=\"jtg-620\" class=\"modula modula-gallery modula-columns\" data-config=\"{&quot;tabletHeight&quot;:0,&quot;mobileHeight&quot;:0,&quot;desktopHeight&quot;:0,&quot;enableTwitter&quot;:false,&quot;enableWhatsapp&quot;:false,&quot;enableFacebook&quot;:false,&quot;enablePinterest&quot;:false,&quot;enableLinkedin&quot;:false,&quot;enableEmail&quot;:false,&quot;randomFactor&quot;:0,&quot;type&quot;:&quot;grid&quot;,&quot;columns&quot;:12,&quot;gutter&quot;:10,&quot;mobileGutter&quot;:10,&quot;tabletGutter&quot;:10,&quot;desktopGutter&quot;:10,&quot;enableResponsive&quot;:&quot;0&quot;,&quot;tabletColumns&quot;:&quot;2&quot;,&quot;mobileColumns&quot;:&quot;1&quot;,&quot;lazyLoad&quot;:0,&quot;lightboxOpts&quot;:{&quot;animated&quot;:true,&quot;Thumbs&quot;:{&quot;type&quot;:&quot;modern&quot;,&quot;showOnStart&quot;:false},&quot;Toolbar&quot;:{&quot;display&quot;:{&quot;right&quot;:[&quot;close&quot;]},&quot;enabled&quot;:true},&quot;Carousel&quot;:{&quot;Panzoom&quot;:{&quot;touch&quot;:false},&quot;infinite&quot;:false},&quot;keyboard&quot;:{&quot;Escape&quot;:&quot;close&quot;,&quot;Delete&quot;:&quot;close&quot;,&quot;Backspace&quot;:&quot;close&quot;,&quot;PageUp&quot;:false,&quot;PageDown&quot;:false,&quot;ArrowUp&quot;:false,&quot;ArrowDown&quot;:false,&quot;ArrowRight&quot;:false,&quot;ArrowLeft&quot;:false},&quot;touch&quot;:false,&quot;backdropClick&quot;:false,&quot;l10n&quot;:{&quot;CLOSE&quot;:&quot;Close&quot;,&quot;NEXT&quot;:&quot;Next&quot;,&quot;PREV&quot;:&quot;Previous&quot;,&quot;Error&quot;:&quot;The requested content cannot be loaded. Please try again later.&quot;,&quot;PLAY_START&quot;:&quot;Start slideshow&quot;,&quot;PLAY_STOP&quot;:&quot;Pause slideshow&quot;,&quot;FULL_SCREEN&quot;:&quot;Full screen&quot;,&quot;THUMBS&quot;:&quot;Thumbnails&quot;,&quot;DOWNLOAD&quot;:&quot;Download&quot;,&quot;SHARE&quot;:&quot;Share&quot;,&quot;ZOOM&quot;:&quot;Zoom&quot;,&quot;EMAIL&quot;:&quot;Here is the link to the image : %%image_link%% and this is the link to the gallery : %%gallery_link%%&quot;,&quot;MODAL&quot;:&quot;You can close this modal content with the ESC key&quot;,&quot;ERROR&quot;:&quot;Something Went Wrong, Please Try Again Later&quot;,&quot;IMAGE_ERROR&quot;:&quot;Image Not Found&quot;,&quot;ELEMENT_NOT_FOUND&quot;:&quot;HTML Element Not Found&quot;,&quot;AJAX_NOT_FOUND&quot;:&quot;Error Loading AJAX : Not Found&quot;,&quot;AJAX_FORBIDDEN&quot;:&quot;Error Loading AJAX : Forbidden&quot;,&quot;IFRAME_ERROR&quot;:&quot;Error Loading Page&quot;,&quot;TOGGLE_ZOOM&quot;:&quot;Toggle zoom level&quot;,&quot;TOGGLE_THUMBS&quot;:&quot;Toggle thumbnails&quot;,&quot;TOGGLE_SLIDESHOW&quot;:&quot;Toggle slideshow&quot;,&quot;TOGGLE_FULLSCREEN&quot;:&quot;Toggle full-screen mode&quot;},&quot;Images&quot;:{&quot;Panzoom&quot;:{&quot;maxScale&quot;:2}},&quot;mainClass&quot;:&quot;modula-fancybox-container modula-lightbox-jtg-620&quot;,&quot;Html&quot;:{&quot;videoAutoplay&quot;:0,&quot;videoTpl&quot;:&quot;&lt;video class=\\&quot;fancybox__html5video\\&quot; controls muted playsinline controlsList controlsList=\\&quot;nodownload\\&quot; poster=\\&quot;{{poster}}\\&quot; src=\\&quot;{{src}}\\&quot; type=\\&quot;{{format}}\\&quot; &gt;  Sorry, your browser doesn&#039;t support embedded videos, &lt;a href=\\&quot;{{src}}\\&quot;&gt; download &lt;\\\/a&gt; and watch with your favorite video player! &lt;\\\/video&gt;&quot;}},&quot;inView&quot;:false,&quot;email_subject&quot;:&quot;Check out this awesome image !!&quot;,&quot;email_message&quot;:&quot;Here is the link to the image : %%image_link%% and this is the link to the gallery : %%gallery_link%%&quot;,&quot;grid_type&quot;:&quot;automatic&quot;,&quot;rowHeight&quot;:250,&quot;lastRow&quot;:&quot;justify&quot;,&quot;lightbox&quot;:&quot;fancybox&quot;}\">\n\n\t\n\t<div  class=\"modula-items grid-gallery\">\n\t\t<div class=\"modula-item effect-pufrobo\" >\n\t<div class=\"modula-item-overlay\"><\/div>\n\n\t<div class=\"modula-item-content\">\n\n\t\t\t\t\n\t\t\t\t\t<a data-image-id=\"610\" role=\"button\" data-elementor-open-lightbox=\"no\" tabindex=\"0\" rel=\"jtg-620\" data-caption=\"\" aria-label=\"Open image in lightbox\" class=\"tile-inner modula-item-link\"><\/a>\n\t\t\n\t\t<img fetchpriority=\"high\" decoding=\"async\" class=\"pic wp-image-610\"  data-valign=\"middle\" data-halign=\"center\" alt=\"\" data-full=\"https:\/\/koj-education.fr\/wp-content\/uploads\/2023\/10\/Capture-decran-2023-10-12-a-22.51.31.png\" title=\"Coumba\" width=\"204\" height=\"300\" src=\"https:\/\/koj-education.fr\/wp-content\/uploads\/2023\/10\/Capture-decran-2023-10-12-a-22.51.31-204x300.png\" data-src=\"https:\/\/koj-education.fr\/wp-content\/uploads\/2023\/10\/Capture-decran-2023-10-12-a-22.51.31-204x300.png\" data-caption=\"\" srcset=\"https:\/\/koj-education.fr\/wp-content\/uploads\/2023\/10\/Capture-decran-2023-10-12-a-22.51.31.png 984w, https:\/\/koj-education.fr\/wp-content\/uploads\/2023\/10\/Capture-decran-2023-10-12-a-22.51.31-204x300.png 204w, https:\/\/koj-education.fr\/wp-content\/uploads\/2023\/10\/Capture-decran-2023-10-12-a-22.51.31-695x1024.png 695w, https:\/\/koj-education.fr\/wp-content\/uploads\/2023\/10\/Capture-decran-2023-10-12-a-22.51.31-768x1132.png 768w\" sizes=\"(max-width: 204px) 100vw, 204px\" \/>\n\t\t<div class=\"figc no-description\">\n\t\t\t<div class=\"figc-inner\">\n\t\t\t\t\t\t\t\t\t\t\t\t\t\t\t<\/div>\n\t\t<\/div>\n\n\t<\/div>\n\n<\/div><div class=\"modula-item effect-pufrobo\" >\n\t<div class=\"modula-item-overlay\"><\/div>\n\n\t<div class=\"modula-item-content\">\n\n\t\t\t\t\n\t\t\t\t\t<a data-image-id=\"609\" role=\"button\" data-elementor-open-lightbox=\"no\" tabindex=\"0\" rel=\"jtg-620\" data-caption=\"\" aria-label=\"Open image in lightbox\" class=\"tile-inner modula-item-link\"><\/a>\n\t\t\n\t\t<img decoding=\"async\" class=\"pic wp-image-609\"  data-valign=\"middle\" data-halign=\"center\" alt=\"\" data-full=\"https:\/\/koj-education.fr\/wp-content\/uploads\/2023\/10\/IMG_3228-1.jpeg\" title=\"Aissatou\" width=\"225\" height=\"300\" src=\"https:\/\/koj-education.fr\/wp-content\/uploads\/2023\/10\/IMG_3228-1-225x300.jpeg\" data-src=\"https:\/\/koj-education.fr\/wp-content\/uploads\/2023\/10\/IMG_3228-1-225x300.jpeg\" data-caption=\"\" srcset=\"https:\/\/koj-education.fr\/wp-content\/uploads\/2023\/10\/IMG_3228-1-scaled.jpeg 1920w, https:\/\/koj-education.fr\/wp-content\/uploads\/2023\/10\/IMG_3228-1-225x300.jpeg 225w, https:\/\/koj-education.fr\/wp-content\/uploads\/2023\/10\/IMG_3228-1-768x1024.jpeg 768w, https:\/\/koj-education.fr\/wp-content\/uploads\/2023\/10\/IMG_3228-1-1152x1536.jpeg 1152w, https:\/\/koj-education.fr\/wp-content\/uploads\/2023\/10\/IMG_3228-1-1536x2048.jpeg 1536w\" sizes=\"(max-width: 225px) 100vw, 225px\" \/>\n\t\t<div class=\"figc no-description\">\n\t\t\t<div class=\"figc-inner\">\n\t\t\t\t\t\t\t\t\t\t\t\t\t\t\t<\/div>\n\t\t<\/div>\n\n\t<\/div>\n\n<\/div><div class=\"modula-item effect-pufrobo\" >\n\t<div class=\"modula-item-overlay\"><\/div>\n\n\t<div class=\"modula-item-content\">\n\n\t\t\t\t\n\t\t\t\t\t<a data-image-id=\"856\" role=\"button\" data-elementor-open-lightbox=\"no\" tabindex=\"0\" rel=\"jtg-620\" data-caption=\"\" aria-label=\"Open image in lightbox\" class=\"tile-inner modula-item-link\"><\/a>\n\t\t\n\t\t<img decoding=\"async\" class=\"pic wp-image-856\"  data-valign=\"middle\" data-halign=\"center\" alt=\"\" data-full=\"https:\/\/koj-education.fr\/wp-content\/uploads\/2023\/10\/1fcde9f6-4443-444a-9dba-8a4b6f473b04-1.jpg\" title=\"Chacha\" width=\"225\" height=\"300\" src=\"https:\/\/koj-education.fr\/wp-content\/uploads\/2023\/10\/1fcde9f6-4443-444a-9dba-8a4b6f473b04-1-225x300.jpg\" data-src=\"https:\/\/koj-education.fr\/wp-content\/uploads\/2023\/10\/1fcde9f6-4443-444a-9dba-8a4b6f473b04-1-225x300.jpg\" data-caption=\"\" srcset=\"https:\/\/koj-education.fr\/wp-content\/uploads\/2023\/10\/1fcde9f6-4443-444a-9dba-8a4b6f473b04-1.jpg 756w, https:\/\/koj-education.fr\/wp-content\/uploads\/2023\/10\/1fcde9f6-4443-444a-9dba-8a4b6f473b04-1-225x300.jpg 225w\" sizes=\"(max-width: 225px) 100vw, 225px\" \/>\n\t\t<div class=\"figc no-description\">\n\t\t\t<div class=\"figc-inner\">\n\t\t\t\t\t\t\t\t\t\t\t\t\t\t\t<\/div>\n\t\t<\/div>\n\n\t<\/div>\n\n<\/div>\t\t\n\t<\/div>\n\n\t\n\t\n\t<script type=\"application\/ld+json\">\n\t{\n\t\t\"@context\": \"http:\/\/schema.org\",\n\t\t\"@type\"   : \"ImageGallery\",\n\t\t\"id\"      : \"https:\/\/koj-education.fr\/album.html\/les-parrains-marraines\/\",\n\t\t\"url\"     : \"https:\/\/koj-education.fr\/album.html\/les-parrains-marraines\/\"\n\t}\n\n\t<\/script>\n\n\t\n<\/div>\n<\/div>\n\t\t\t\t\t\t<\/div>\n\t\t\t\t<\/div>\n\t\t\t\t\t<\/div>\n\t\t<\/div>\n\t\t\t\t\t<\/div>\n\t\t<\/section>\n\t\t\t\t<section class=\"elementor-section elementor-top-section elementor-element elementor-element-ac239c1 elementor-section-boxed elementor-section-height-default elementor-section-height-default\" data-id=\"ac239c1\" data-element_type=\"section\" data-e-type=\"section\">\n\t\t\t\t\t\t<div class=\"elementor-container elementor-column-gap-default\">\n\t\t\t\t\t<div class=\"elementor-column elementor-col-100 elementor-top-column elementor-element elementor-element-53393a1\" data-id=\"53393a1\" data-element_type=\"column\" data-e-type=\"column\">\n\t\t\t<div class=\"elementor-widget-wrap elementor-element-populated\">\n\t\t\t\t\t\t<div class=\"elementor-element elementor-element-8946ec4 elementor-widget elementor-widget-text-editor\" data-id=\"8946ec4\" data-element_type=\"widget\" data-e-type=\"widget\" data-widget_type=\"text-editor.default\">\n\t\t\t\t<div class=\"elementor-widget-container\">\n\t\t\t\t\t\t\t\t\t<p>Vous avez le pouvoir de faire une diff\u00e9rence significative dans la vie d&rsquo;un enfant. <strong>Devenez son parrain ou sa marraine<\/strong>, et ensemble, \u00e9crivons une histoire d&rsquo;amour, de soutien et de r\u00e9ussite. Votre engagement compte et fait toute la diff\u00e9rence.&nbsp;<\/p>\t\t\t\t\t\t\t\t<\/div>\n\t\t\t\t<\/div>\n\t\t\t\t\t<\/div>\n\t\t<\/div>\n\t\t\t\t\t<\/div>\n\t\t<\/section>\n\t\t\t\t<\/div>\n\t\t","protected":false},"excerpt":{"rendered":"<p>Les parrains-marraines Chaque enfant b\u00e9n\u00e9ficie actuellement de l&rsquo;accompagnement bienveillant d&rsquo;une marraine et\/ou d&rsquo;un parrain, qui ne sont pas n\u00e9cessairement de nationalit\u00e9 fran\u00e7aise. Au-del\u00e0 de l&rsquo;aspect financier, ces personnes sont choisies en raison de leurs profondes valeurs humaines et de leur engagement \u00e0 partager leur chemin de vie avec l&rsquo;enfant. Ils int\u00e8grent l&rsquo;enfant comme un membre [&hellip;]<\/p>\n","protected":false},"author":1,"featured_media":0,"parent":0,"menu_order":0,"comment_status":"closed","ping_status":"closed","template":"","meta":{"_monsterinsights_skip_tracking":false,"_monsterinsights_sitenote_active":false,"_monsterinsights_sitenote_note":"","_monsterinsights_sitenote_category":0,"_glsr_average":0,"_glsr_ranking":0,"_glsr_reviews":0,"footnotes":""},"class_list":["post-153","page","type-page","status-publish","hentry"],"blocksy_meta":[],"_links":{"self":[{"href":"https:\/\/koj-education.fr\/album.html\/wp-json\/wp\/v2\/pages\/153","targetHints":{"allow":["GET"]}}],"collection":[{"href":"https:\/\/koj-education.fr\/album.html\/wp-json\/wp\/v2\/pages"}],"about":[{"href":"https:\/\/koj-education.fr\/album.html\/wp-json\/wp\/v2\/types\/page"}],"author":[{"embeddable":true,"href":"https:\/\/koj-education.fr\/album.html\/wp-json\/wp\/v2\/users\/1"}],"replies":[{"embeddable":true,"href":"https:\/\/koj-education.fr\/album.html\/wp-json\/wp\/v2\/comments?post=153"}],"version-history":[{"count":37,"href":"https:\/\/koj-education.fr\/album.html\/wp-json\/wp\/v2\/pages\/153\/revisions"}],"predecessor-version":[{"id":1100,"href":"https:\/\/koj-education.fr\/album.html\/wp-json\/wp\/v2\/pages\/153\/revisions\/1100"}],"wp:attachment":[{"href":"https:\/\/koj-education.fr\/album.html\/wp-json\/wp\/v2\/media?parent=153"}],"curies":[{"name":"wp","href":"https:\/\/api.w.org\/{rel}","templated":true}]}}