{"id":157,"date":"2023-08-08T20:11:29","date_gmt":"2023-08-08T18:11:29","guid":{"rendered":"http:\/\/rec.enfancesenegal.fr\/?page_id=157"},"modified":"2023-10-13T02:39:39","modified_gmt":"2023-10-13T00:39:39","slug":"votre-contribution","status":"publish","type":"page","link":"https:\/\/koj-education.fr\/album.html\/votre-contribution\/","title":{"rendered":"Votre contribution"},"content":{"rendered":"\t\t<div data-elementor-type=\"wp-page\" data-elementor-id=\"157\" class=\"elementor elementor-157\">\n\t\t\t\t\t\t<section class=\"elementor-section elementor-top-section elementor-element elementor-element-f1552f0 elementor-section-boxed elementor-section-height-default elementor-section-height-default\" data-id=\"f1552f0\" data-element_type=\"section\" data-e-type=\"section\">\n\t\t\t\t\t\t<div class=\"elementor-container elementor-column-gap-default\">\n\t\t\t\t\t<div class=\"elementor-column elementor-col-100 elementor-top-column elementor-element elementor-element-fc648da\" data-id=\"fc648da\" data-element_type=\"column\" data-e-type=\"column\">\n\t\t\t<div class=\"elementor-widget-wrap elementor-element-populated\">\n\t\t\t\t\t\t<div class=\"elementor-element elementor-element-edf3fa6 elementor-widget elementor-widget-heading\" data-id=\"edf3fa6\" data-element_type=\"widget\" data-e-type=\"widget\" data-widget_type=\"heading.default\">\n\t\t\t\t<div class=\"elementor-widget-container\">\n\t\t\t\t\t<h2 class=\"elementor-heading-title elementor-size-default\">Votre contribution<\/h2>\t\t\t\t<\/div>\n\t\t\t\t<\/div>\n\t\t\t\t\t<\/div>\n\t\t<\/div>\n\t\t\t\t\t<\/div>\n\t\t<\/section>\n\t\t\t\t<section class=\"elementor-section elementor-top-section elementor-element elementor-element-d32884a elementor-section-boxed elementor-section-height-default elementor-section-height-default\" data-id=\"d32884a\" data-element_type=\"section\" data-e-type=\"section\">\n\t\t\t\t\t\t<div class=\"elementor-container elementor-column-gap-default\">\n\t\t\t\t\t<div class=\"elementor-column elementor-col-100 elementor-top-column elementor-element elementor-element-58a039a\" data-id=\"58a039a\" data-element_type=\"column\" data-e-type=\"column\">\n\t\t\t<div class=\"elementor-widget-wrap elementor-element-populated\">\n\t\t\t\t\t\t<div class=\"elementor-element elementor-element-d5b1914 elementor-widget elementor-widget-text-editor\" data-id=\"d5b1914\" data-element_type=\"widget\" data-e-type=\"widget\" data-widget_type=\"text-editor.default\">\n\t\t\t\t<div class=\"elementor-widget-container\">\n\t\t\t\t\t\t\t\t\t<p>\u00a0<\/p><p>Vous souhaitez contribuer \u00e0 l&rsquo;\u00e9panouissement d&rsquo;enfants, apporter une aide concr\u00e8te et vous sentir utile dans un monde parfois tumultueux ? Vous avez la possibilit\u00e9 de cr\u00e9er des liens durables et de faire une diff\u00e9rence significative. N&rsquo;h\u00e9sitez pas, venez nous rejoindre&#8230;<\/p><p>Devenir parrain ou marraine est l&rsquo;un des moyens les plus personnels et impactants pour soutenir notre cause. Votre implication en tant que parrain ou marraine peut apporter un changement durable dans la vie d&rsquo;un enfant.<\/p><p>Cependant, nous comprenons que tout le monde n&rsquo;a pas la possibilit\u00e9 de devenir parrain ou marraine. Vous pouvez \u00e9galement contribuer en faisant un don, quel que soit son montant, car chaque geste compte. M\u00eame le plus petit don peut avoir un impact consid\u00e9rable.<\/p><p>Nous sommes \u00e9galement \u00e0 la recherche d&rsquo;ambassadeurs passionn\u00e9s qui peuvent aider \u00e0 sensibiliser davantage de personnes \u00e0 notre cause. Vous pouvez contribuer en partageant notre histoire, en organisant des \u00e9v\u00e9nements, ou en mobilisant votre r\u00e9seau pour le bien de ces enfants.<\/p><p>Enfin, nous recherchons des financements et des partenariats pour continuer \u00e0 offrir un avenir radieux \u00e0 ces enfants. Chaque soutien, \u00e0 toute \u00e9chelle, est pr\u00e9cieux et appr\u00e9ci\u00e9. Nous sommes ouverts \u00e0 toute forme d&rsquo;aide, et ensemble, nous pouvons r\u00e9aliser de grandes choses.<\/p><p>Sachez que m\u00eame le plus petit geste, le plus court moment de votre temps, peut d\u00e9j\u00e0 avoir un impact consid\u00e9rable.<br \/><br \/><\/p><p style=\"text-align: center;\"><span style=\"font-size: 20pt;\"><strong>Rejoignez-nous pour faire partie de cette belle aventure humaine et contribuer au bonheur et \u00e0 l&rsquo;\u00e9panouissement de ces enfants.<\/strong><\/span><\/p>\t\t\t\t\t\t\t\t<\/div>\n\t\t\t\t<\/div>\n\t\t\t\t\t<\/div>\n\t\t<\/div>\n\t\t\t\t\t<\/div>\n\t\t<\/section>\n\t\t\t\t<section class=\"elementor-section elementor-top-section elementor-element elementor-element-3d24521 elementor-section-boxed elementor-section-height-default elementor-section-height-default\" data-id=\"3d24521\" data-element_type=\"section\" data-e-type=\"section\">\n\t\t\t\t\t\t<div class=\"elementor-container elementor-column-gap-default\">\n\t\t\t\t\t<div class=\"elementor-column elementor-col-100 elementor-top-column elementor-element elementor-element-13518d8\" data-id=\"13518d8\" data-element_type=\"column\" data-e-type=\"column\">\n\t\t\t<div class=\"elementor-widget-wrap elementor-element-populated\">\n\t\t\t\t\t\t<div class=\"elementor-element elementor-element-27ee6a1 elementor-widget elementor-widget-spacer\" data-id=\"27ee6a1\" data-element_type=\"widget\" data-e-type=\"widget\" data-widget_type=\"spacer.default\">\n\t\t\t\t<div class=\"elementor-widget-container\">\n\t\t\t\t\t\t\t<div class=\"elementor-spacer\">\n\t\t\t<div class=\"elementor-spacer-inner\"><\/div>\n\t\t<\/div>\n\t\t\t\t\t\t<\/div>\n\t\t\t\t<\/div>\n\t\t\t\t\t<\/div>\n\t\t<\/div>\n\t\t\t\t\t<\/div>\n\t\t<\/section>\n\t\t\t\t<section class=\"elementor-section elementor-top-section elementor-element elementor-element-b0cea8b elementor-section-boxed elementor-section-height-default elementor-section-height-default\" data-id=\"b0cea8b\" data-element_type=\"section\" data-e-type=\"section\">\n\t\t\t\t\t\t<div class=\"elementor-container elementor-column-gap-default\">\n\t\t\t\t\t<div class=\"elementor-column elementor-col-100 elementor-top-column elementor-element elementor-element-0955c93\" data-id=\"0955c93\" data-element_type=\"column\" data-e-type=\"column\">\n\t\t\t<div class=\"elementor-widget-wrap elementor-element-populated\">\n\t\t\t\t\t\t<div class=\"elementor-element elementor-element-762c174 elementor-widget elementor-widget-shortcode\" data-id=\"762c174\" data-element_type=\"widget\" data-e-type=\"widget\" data-widget_type=\"shortcode.default\">\n\t\t\t\t<div class=\"elementor-widget-container\">\n\t\t\t\t\t\t\t<div class=\"elementor-shortcode\"><div  id=\"jtg-664\" class=\"modula modula-gallery modula-columns\" data-config=\"{&quot;tabletHeight&quot;:0,&quot;mobileHeight&quot;:0,&quot;desktopHeight&quot;:0,&quot;enableTwitter&quot;:false,&quot;enableWhatsapp&quot;:false,&quot;enableFacebook&quot;:false,&quot;enablePinterest&quot;:false,&quot;enableLinkedin&quot;:false,&quot;enableEmail&quot;:false,&quot;randomFactor&quot;:0,&quot;type&quot;:&quot;grid&quot;,&quot;columns&quot;:12,&quot;gutter&quot;:10,&quot;mobileGutter&quot;:10,&quot;tabletGutter&quot;:10,&quot;desktopGutter&quot;:10,&quot;enableResponsive&quot;:&quot;0&quot;,&quot;tabletColumns&quot;:&quot;2&quot;,&quot;mobileColumns&quot;:&quot;1&quot;,&quot;lazyLoad&quot;:0,&quot;lightboxOpts&quot;:{&quot;animated&quot;:true,&quot;Thumbs&quot;:{&quot;type&quot;:&quot;modern&quot;,&quot;showOnStart&quot;:false},&quot;Toolbar&quot;:{&quot;display&quot;:{&quot;right&quot;:[&quot;close&quot;]},&quot;enabled&quot;:true},&quot;Carousel&quot;:{&quot;Panzoom&quot;:{&quot;touch&quot;:false},&quot;infinite&quot;:false},&quot;keyboard&quot;:{&quot;Escape&quot;:&quot;close&quot;,&quot;Delete&quot;:&quot;close&quot;,&quot;Backspace&quot;:&quot;close&quot;,&quot;PageUp&quot;:false,&quot;PageDown&quot;:false,&quot;ArrowUp&quot;:false,&quot;ArrowDown&quot;:false,&quot;ArrowRight&quot;:false,&quot;ArrowLeft&quot;:false},&quot;touch&quot;:false,&quot;backdropClick&quot;:false,&quot;l10n&quot;:{&quot;CLOSE&quot;:&quot;Close&quot;,&quot;NEXT&quot;:&quot;Next&quot;,&quot;PREV&quot;:&quot;Previous&quot;,&quot;Error&quot;:&quot;The requested content cannot be loaded. Please try again later.&quot;,&quot;PLAY_START&quot;:&quot;Start slideshow&quot;,&quot;PLAY_STOP&quot;:&quot;Pause slideshow&quot;,&quot;FULL_SCREEN&quot;:&quot;Full screen&quot;,&quot;THUMBS&quot;:&quot;Thumbnails&quot;,&quot;DOWNLOAD&quot;:&quot;Download&quot;,&quot;SHARE&quot;:&quot;Share&quot;,&quot;ZOOM&quot;:&quot;Zoom&quot;,&quot;EMAIL&quot;:&quot;Here is the link to the image : %%image_link%% and this is the link to the gallery : %%gallery_link%%&quot;,&quot;MODAL&quot;:&quot;You can close this modal content with the ESC key&quot;,&quot;ERROR&quot;:&quot;Something Went Wrong, Please Try Again Later&quot;,&quot;IMAGE_ERROR&quot;:&quot;Image Not Found&quot;,&quot;ELEMENT_NOT_FOUND&quot;:&quot;HTML Element Not Found&quot;,&quot;AJAX_NOT_FOUND&quot;:&quot;Error Loading AJAX : Not Found&quot;,&quot;AJAX_FORBIDDEN&quot;:&quot;Error Loading AJAX : Forbidden&quot;,&quot;IFRAME_ERROR&quot;:&quot;Error Loading Page&quot;,&quot;TOGGLE_ZOOM&quot;:&quot;Toggle zoom level&quot;,&quot;TOGGLE_THUMBS&quot;:&quot;Toggle thumbnails&quot;,&quot;TOGGLE_SLIDESHOW&quot;:&quot;Toggle slideshow&quot;,&quot;TOGGLE_FULLSCREEN&quot;:&quot;Toggle full-screen mode&quot;},&quot;Images&quot;:{&quot;Panzoom&quot;:{&quot;maxScale&quot;:2}},&quot;mainClass&quot;:&quot;modula-fancybox-container modula-lightbox-jtg-664&quot;,&quot;Html&quot;:{&quot;videoAutoplay&quot;:0,&quot;videoTpl&quot;:&quot;&lt;video class=\\&quot;fancybox__html5video\\&quot; controls muted playsinline controlsList controlsList=\\&quot;nodownload\\&quot; poster=\\&quot;{{poster}}\\&quot; src=\\&quot;{{src}}\\&quot; type=\\&quot;{{format}}\\&quot; &gt;  Sorry, your browser doesn&#039;t support embedded videos, &lt;a href=\\&quot;{{src}}\\&quot;&gt; download &lt;\\\/a&gt; and watch with your favorite video player! &lt;\\\/video&gt;&quot;}},&quot;inView&quot;:false,&quot;email_subject&quot;:&quot;Check out this awesome image !!&quot;,&quot;email_message&quot;:&quot;Here is the link to the image : %%image_link%% and this is the link to the gallery : %%gallery_link%%&quot;,&quot;grid_type&quot;:&quot;automatic&quot;,&quot;rowHeight&quot;:50,&quot;lastRow&quot;:&quot;justify&quot;,&quot;lightbox&quot;:&quot;fancybox&quot;}\">\n\n\t\n\t<div  class=\"modula-items grid-gallery\">\n\t\t<div class=\"modula-item effect-pufrobo\" >\n\t<div class=\"modula-item-overlay\"><\/div>\n\n\t<div class=\"modula-item-content\">\n\n\t\t\t\t\n\t\t\t\t\t<a data-image-id=\"665\" role=\"button\" data-elementor-open-lightbox=\"no\" tabindex=\"0\" rel=\"jtg-664\" data-caption=\"\" aria-label=\"Open image in lightbox\" class=\"tile-inner modula-item-link\"><\/a>\n\t\t\n\t\t<img fetchpriority=\"high\" decoding=\"async\" class=\"pic wp-image-665\"  data-valign=\"middle\" data-halign=\"center\" alt=\"\" data-full=\"https:\/\/koj-education.fr\/wp-content\/uploads\/2023\/10\/IMG_4783.jpeg\" title=\"IMG_4783\" width=\"2560\" height=\"1920\" src=\"https:\/\/koj-education.fr\/wp-content\/uploads\/2023\/10\/IMG_4783.jpeg\" data-src=\"https:\/\/koj-education.fr\/wp-content\/uploads\/2023\/10\/IMG_4783.jpeg\" data-caption=\"\" srcset=\"https:\/\/koj-education.fr\/wp-content\/uploads\/2023\/10\/IMG_4783-scaled.jpeg 2560w, https:\/\/koj-education.fr\/wp-content\/uploads\/2023\/10\/IMG_4783-300x225.jpeg 300w, https:\/\/koj-education.fr\/wp-content\/uploads\/2023\/10\/IMG_4783-1024x768.jpeg 1024w, https:\/\/koj-education.fr\/wp-content\/uploads\/2023\/10\/IMG_4783-768x576.jpeg 768w, https:\/\/koj-education.fr\/wp-content\/uploads\/2023\/10\/IMG_4783-1536x1152.jpeg 1536w, https:\/\/koj-education.fr\/wp-content\/uploads\/2023\/10\/IMG_4783-2048x1536.jpeg 2048w\" sizes=\"(max-width: 2560px) 100vw, 2560px\" \/>\n\t\t<div class=\"figc no-description\">\n\t\t\t<div class=\"figc-inner\">\n\t\t\t\t\t\t\t\t\t\t\t\t\t\t\t<\/div>\n\t\t<\/div>\n\n\t<\/div>\n\n<\/div><div class=\"modula-item effect-pufrobo\" >\n\t<div class=\"modula-item-overlay\"><\/div>\n\n\t<div class=\"modula-item-content\">\n\n\t\t\t\t\n\t\t\t\t\t<a data-image-id=\"670\" role=\"button\" data-elementor-open-lightbox=\"no\" tabindex=\"0\" rel=\"jtg-664\" data-caption=\"\" aria-label=\"Open image in lightbox\" class=\"tile-inner modula-item-link\"><\/a>\n\t\t\n\t\t<img decoding=\"async\" class=\"pic wp-image-670\"  data-valign=\"middle\" data-halign=\"center\" alt=\"\" data-full=\"https:\/\/koj-education.fr\/wp-content\/uploads\/2023\/10\/IMG_9417-1.jpeg\" title=\"IMG_9417 (1)\" width=\"1920\" height=\"2560\" src=\"https:\/\/koj-education.fr\/wp-content\/uploads\/2023\/10\/IMG_9417-1.jpeg\" data-src=\"https:\/\/koj-education.fr\/wp-content\/uploads\/2023\/10\/IMG_9417-1.jpeg\" data-caption=\"\" srcset=\"https:\/\/koj-education.fr\/wp-content\/uploads\/2023\/10\/IMG_9417-1-scaled.jpeg 1920w, https:\/\/koj-education.fr\/wp-content\/uploads\/2023\/10\/IMG_9417-1-225x300.jpeg 225w, https:\/\/koj-education.fr\/wp-content\/uploads\/2023\/10\/IMG_9417-1-768x1024.jpeg 768w, https:\/\/koj-education.fr\/wp-content\/uploads\/2023\/10\/IMG_9417-1-1152x1536.jpeg 1152w, https:\/\/koj-education.fr\/wp-content\/uploads\/2023\/10\/IMG_9417-1-1536x2048.jpeg 1536w\" sizes=\"(max-width: 1920px) 100vw, 1920px\" \/>\n\t\t<div class=\"figc no-description\">\n\t\t\t<div class=\"figc-inner\">\n\t\t\t\t\t\t\t\t\t\t\t\t\t\t\t<\/div>\n\t\t<\/div>\n\n\t<\/div>\n\n<\/div>\t\t\n\t<\/div>\n\n\t\n\t\n\t<script type=\"application\/ld+json\">\n\t{\n\t\t\"@context\": \"http:\/\/schema.org\",\n\t\t\"@type\"   : \"ImageGallery\",\n\t\t\"id\"      : \"https:\/\/koj-education.fr\/album.html\/votre-contribution\/\",\n\t\t\"url\"     : \"https:\/\/koj-education.fr\/album.html\/votre-contribution\/\"\n\t}\n\n\t<\/script>\n\n\t\n<\/div>\n<\/div>\n\t\t\t\t\t\t<\/div>\n\t\t\t\t<\/div>\n\t\t\t\t\t<\/div>\n\t\t<\/div>\n\t\t\t\t\t<\/div>\n\t\t<\/section>\n\t\t\t\t<\/div>\n\t\t","protected":false},"excerpt":{"rendered":"<p>Votre contribution \u00a0 Vous souhaitez contribuer \u00e0 l&rsquo;\u00e9panouissement d&rsquo;enfants, apporter une aide concr\u00e8te et vous sentir utile dans un monde parfois tumultueux ? Vous avez la possibilit\u00e9 de cr\u00e9er des liens durables et de faire une diff\u00e9rence significative. N&rsquo;h\u00e9sitez pas, venez nous rejoindre&#8230; Devenir parrain ou marraine est l&rsquo;un des moyens les plus personnels et [&hellip;]<\/p>\n","protected":false},"author":1,"featured_media":0,"parent":0,"menu_order":0,"comment_status":"closed","ping_status":"closed","template":"","meta":{"_monsterinsights_skip_tracking":false,"_monsterinsights_sitenote_active":false,"_monsterinsights_sitenote_note":"","_monsterinsights_sitenote_category":0,"_glsr_average":0,"_glsr_ranking":0,"_glsr_reviews":0,"footnotes":""},"class_list":["post-157","page","type-page","status-publish","hentry"],"blocksy_meta":[],"_links":{"self":[{"href":"https:\/\/koj-education.fr\/album.html\/wp-json\/wp\/v2\/pages\/157","targetHints":{"allow":["GET"]}}],"collection":[{"href":"https:\/\/koj-education.fr\/album.html\/wp-json\/wp\/v2\/pages"}],"about":[{"href":"https:\/\/koj-education.fr\/album.html\/wp-json\/wp\/v2\/types\/page"}],"author":[{"embeddable":true,"href":"https:\/\/koj-education.fr\/album.html\/wp-json\/wp\/v2\/users\/1"}],"replies":[{"embeddable":true,"href":"https:\/\/koj-education.fr\/album.html\/wp-json\/wp\/v2\/comments?post=157"}],"version-history":[{"count":28,"href":"https:\/\/koj-education.fr\/album.html\/wp-json\/wp\/v2\/pages\/157\/revisions"}],"predecessor-version":[{"id":948,"href":"https:\/\/koj-education.fr\/album.html\/wp-json\/wp\/v2\/pages\/157\/revisions\/948"}],"wp:attachment":[{"href":"https:\/\/koj-education.fr\/album.html\/wp-json\/wp\/v2\/media?parent=157"}],"curies":[{"name":"wp","href":"https:\/\/api.w.org\/{rel}","templated":true}]}}