{"id":32,"date":"2021-12-29T12:20:56","date_gmt":"2021-12-29T11:20:56","guid":{"rendered":"http:\/\/rec.enfancesenegal.fr\/?page_id=32"},"modified":"2023-10-13T03:05:19","modified_gmt":"2023-10-13T01:05:19","slug":"faire-un-don","status":"publish","type":"page","link":"https:\/\/koj-education.fr\/album.html\/faire-un-don\/","title":{"rendered":"Donations"},"content":{"rendered":"\t\t<div data-elementor-type=\"wp-page\" data-elementor-id=\"32\" class=\"elementor elementor-32\">\n\t\t\t\t\t\t<section class=\"elementor-section elementor-top-section elementor-element elementor-element-e121bb5 elementor-section-boxed elementor-section-height-default elementor-section-height-default\" data-id=\"e121bb5\" data-element_type=\"section\" data-e-type=\"section\">\n\t\t\t\t\t\t<div class=\"elementor-container elementor-column-gap-default\">\n\t\t\t\t\t<div class=\"elementor-column elementor-col-100 elementor-top-column elementor-element elementor-element-f33457f\" data-id=\"f33457f\" data-element_type=\"column\" data-e-type=\"column\">\n\t\t\t<div class=\"elementor-widget-wrap elementor-element-populated\">\n\t\t\t\t\t\t<div class=\"elementor-element elementor-element-7bb3c68 elementor-widget elementor-widget-heading\" data-id=\"7bb3c68\" data-element_type=\"widget\" data-e-type=\"widget\" data-widget_type=\"heading.default\">\n\t\t\t\t<div class=\"elementor-widget-container\">\n\t\t\t\t\t<h2 class=\"elementor-heading-title elementor-size-default\">Donation<\/h2>\t\t\t\t<\/div>\n\t\t\t\t<\/div>\n\t\t\t\t\t<\/div>\n\t\t<\/div>\n\t\t\t\t\t<\/div>\n\t\t<\/section>\n\t\t\t\t<section class=\"elementor-section elementor-top-section elementor-element elementor-element-e284dee elementor-section-boxed elementor-section-height-default elementor-section-height-default\" data-id=\"e284dee\" data-element_type=\"section\" data-e-type=\"section\">\n\t\t\t\t\t\t<div class=\"elementor-container elementor-column-gap-default\">\n\t\t\t\t\t<div class=\"elementor-column elementor-col-100 elementor-top-column elementor-element elementor-element-691cd01\" data-id=\"691cd01\" data-element_type=\"column\" data-e-type=\"column\">\n\t\t\t<div class=\"elementor-widget-wrap elementor-element-populated\">\n\t\t\t\t\t\t<div class=\"elementor-element elementor-element-bb43789 elementor-widget elementor-widget-text-editor\" data-id=\"bb43789\" data-element_type=\"widget\" data-e-type=\"widget\" data-widget_type=\"text-editor.default\">\n\t\t\t\t<div class=\"elementor-widget-container\">\n\t\t\t\t\t\t\t\t\t<div class=\"flex-1 overflow-hidden\">\n<div class=\"react-scroll-to-bottom--css-bxiwj-79elbk h-full dark:bg-gray-800\">\n<div class=\"react-scroll-to-bottom--css-bxiwj-1n7m0yu\">\n<div class=\"flex flex-col text-sm dark:bg-gray-800\">\n<div class=\"group w-full text-token-text-primary border-b border-black\/10 gizmo:border-0 dark:border-gray-900\/50 gizmo:dark:border-0 bg-gray-50 gizmo:bg-transparent dark:bg-[#444654] gizmo:dark:bg-transparent\" data-testid=\"conversation-turn-41\">\n<div class=\"p-4 justify-center text-base md:gap-6 md:py-6 m-auto\">\n<div class=\"flex flex-1 gap-4 text-base mx-auto md:gap-6 gizmo:gap-3 gizmo:md:px-5 gizmo:lg:px-1 gizmo:xl:px-5 md:max-w-2xl lg:max-w-[38rem] gizmo:md:max-w-3xl gizmo:lg:max-w-[40rem] gizmo:xl:max-w-[48rem] xl:max-w-3xl }\">\n<div class=\"relative flex w-[calc(100%-50px)] flex-col gap-1 gizmo:w-full md:gap-3 lg:w-[calc(100%-115px)] agent-turn\">\n<div class=\"flex flex-grow flex-col gap-3 max-w-full\">\n<div class=\"min-h-[20px] flex flex-col items-start gap-3 whitespace-pre-wrap break-words overflow-x-auto\">\n<div class=\"markdown prose w-full break-words dark:prose-invert dark\">\n<p><br>Vous avez le d\u00e9sir profond de contribuer au bien-\u00eatre des enfants, de donner un sens \u00e0 votre g\u00e9n\u00e9rosit\u00e9, et de tisser des liens durables dans un monde parfois turbulent ? Ne tardez pas, faites partie de notre aventure&#8230;<\/p>\n<p>Ces enfants aspirent \u00e0 la certitude qu&rsquo;ils ont un soutien en vous, \u00e0 quelqu&rsquo;un sur qui compter&#8230;<\/p>\n<p>Nous voulons mettre en avant notre statut d&rsquo;ONG enregistr\u00e9e sous l&rsquo;Association loi 1901, gage de notre cr\u00e9dibilit\u00e9. En tant que bienfaiteur, vous recevrez un re\u00e7u fiscal. Vous avez la flexibilit\u00e9 de faire des dons, qu&rsquo;ils soient uniques ou mensuels, de mani\u00e8re simple, en utilisant PayPal ou une carte bancaire.<\/p>\n<p>Votre contribution a un impact concret et durable. Ensemble, changeons des vies et marquons le monde de notre empreinte.<\/p>\n<p><\/p>\n<\/div>\n<\/div>\n<\/div>\n<\/div>\n<\/div>\n<\/div>\n<\/div>\n<\/div>\n<\/div>\n<\/div>\n<\/div>\n<p style=\"text-align: center;\"><strong><span style=\"font-size: 20pt;\"><br>Chaque don est une pierre pr\u00e9cieuse dans la construction d&rsquo;un avenir radieux.<\/span><\/strong><\/p>\t\t\t\t\t\t\t\t<\/div>\n\t\t\t\t<\/div>\n\t\t\t\t\t<\/div>\n\t\t<\/div>\n\t\t\t\t\t<\/div>\n\t\t<\/section>\n\t\t\t\t<section class=\"elementor-section elementor-top-section elementor-element elementor-element-d1dc9f7 elementor-section-boxed elementor-section-height-default elementor-section-height-default\" data-id=\"d1dc9f7\" data-element_type=\"section\" data-e-type=\"section\">\n\t\t\t\t\t\t<div class=\"elementor-container elementor-column-gap-default\">\n\t\t\t\t\t<div class=\"elementor-column elementor-col-100 elementor-top-column elementor-element elementor-element-321ef9d\" data-id=\"321ef9d\" data-element_type=\"column\" data-e-type=\"column\">\n\t\t\t<div class=\"elementor-widget-wrap elementor-element-populated\">\n\t\t\t\t\t\t<div class=\"elementor-element elementor-element-bb8de3f elementor-widget elementor-widget-spacer\" data-id=\"bb8de3f\" data-element_type=\"widget\" data-e-type=\"widget\" data-widget_type=\"spacer.default\">\n\t\t\t\t<div class=\"elementor-widget-container\">\n\t\t\t\t\t\t\t<div class=\"elementor-spacer\">\n\t\t\t<div class=\"elementor-spacer-inner\"><\/div>\n\t\t<\/div>\n\t\t\t\t\t\t<\/div>\n\t\t\t\t<\/div>\n\t\t\t\t\t<\/div>\n\t\t<\/div>\n\t\t\t\t\t<\/div>\n\t\t<\/section>\n\t\t\t\t<section class=\"elementor-section elementor-top-section elementor-element elementor-element-904d416 elementor-section-boxed elementor-section-height-default elementor-section-height-default\" data-id=\"904d416\" data-element_type=\"section\" data-e-type=\"section\">\n\t\t\t\t\t\t<div class=\"elementor-container elementor-column-gap-default\">\n\t\t\t\t\t<div class=\"elementor-column elementor-col-33 elementor-top-column elementor-element elementor-element-d304f0d\" data-id=\"d304f0d\" data-element_type=\"column\" data-e-type=\"column\">\n\t\t\t<div class=\"elementor-widget-wrap\">\n\t\t\t\t\t\t\t<\/div>\n\t\t<\/div>\n\t\t\t\t<div class=\"elementor-column elementor-col-33 elementor-top-column elementor-element elementor-element-c866491\" data-id=\"c866491\" data-element_type=\"column\" data-e-type=\"column\">\n\t\t\t<div class=\"elementor-widget-wrap elementor-element-populated\">\n\t\t\t\t\t\t<div class=\"elementor-element elementor-element-962f0a8 e-transform elementor-widget elementor-widget-wp-widget-wpedon_widget\" data-id=\"962f0a8\" data-element_type=\"widget\" data-e-type=\"widget\" data-settings=\"{&quot;_transform_scale_effect&quot;:{&quot;unit&quot;:&quot;px&quot;,&quot;size&quot;:1.5,&quot;sizes&quot;:[]},&quot;_transform_scale_effect_tablet&quot;:{&quot;unit&quot;:&quot;px&quot;,&quot;size&quot;:&quot;&quot;,&quot;sizes&quot;:[]},&quot;_transform_scale_effect_mobile&quot;:{&quot;unit&quot;:&quot;px&quot;,&quot;size&quot;:&quot;&quot;,&quot;sizes&quot;:[]}}\" data-widget_type=\"wp-widget-wpedon_widget.default\">\n\t\t\t\t<div class=\"elementor-widget-container\">\n\t\t\t\t\t<style>\r\n        .wpedon-container .wpedon-select,\r\n        .wpedon-container .wpedon-input {\r\n            width: 144px;\r\n            min-width: 144px;\r\n            max-width: 144px;\r\n        }\r\n    <\/style><div class='wpedon-container wpedon-align-left'><form target='_blank' action='https:\/\/www.paypal.com\/cgi-bin\/webscr' method='post' class='wpedon-form'><input type='hidden' name='cmd' value='_donations' \/><input type='hidden' name='business' value='kidsofthejoy@gmail.com' \/><input type='hidden' name='currency_code' value='EUR' \/><input type='hidden' name='notify_url' value='https:\/\/koj-education.fr\/wp-admin\/admin-post.php?action=add_wpedon_button_ipn'><input type='hidden' name='lc' value='fr_CA'><input type='hidden' name='bn' value='WPPlugin_SP'><input type='hidden' name='return' value='' \/><input type='hidden' name='cancel_return' value='' \/><input class='wpedon_paypalbuttonimage' type='image' src='https:\/\/www.paypalobjects.com\/webstatic\/en_US\/btn\/btn_donate_cc_147x47.png' border='0' name='submit' alt='Make your payments with PayPal. It is free, secure, effective.' style='border: none;'><img alt='' border='0' style='border:none;display:none;' src='https:\/\/www.paypal.com\/fr_CA\/i\/scr\/pixel.gif' width='1' height='1'><input type='hidden' name='amount' id='amount_8ddf33b189a97e4795945b3fd829dd11' value='' \/><input type='hidden' name='price' id='price_8ddf33b189a97e4795945b3fd829dd11' value='' \/><input type='hidden' name='item_number' value='' \/><input type='hidden' name='item_name' value='paypal' \/><input type='hidden' name='name' value='paypal' \/><input type='hidden' name='custom' value='99'><input type='hidden' name='no_shipping' value='1'><input type='hidden' name='no_note' value='1'><input type='hidden' name='currency_code' value='EUR'><\/form><\/div>\t\t\t\t<\/div>\n\t\t\t\t<\/div>\n\t\t\t\t\t<\/div>\n\t\t<\/div>\n\t\t\t\t<div class=\"elementor-column elementor-col-33 elementor-top-column elementor-element elementor-element-7df280c\" data-id=\"7df280c\" data-element_type=\"column\" data-e-type=\"column\">\n\t\t\t<div class=\"elementor-widget-wrap\">\n\t\t\t\t\t\t\t<\/div>\n\t\t<\/div>\n\t\t\t\t\t<\/div>\n\t\t<\/section>\n\t\t\t\t<section class=\"elementor-section elementor-top-section elementor-element elementor-element-45cedd7 elementor-section-boxed elementor-section-height-default elementor-section-height-default\" data-id=\"45cedd7\" data-element_type=\"section\" data-e-type=\"section\">\n\t\t\t\t\t\t<div class=\"elementor-container elementor-column-gap-default\">\n\t\t\t\t\t<div class=\"elementor-column elementor-col-100 elementor-top-column elementor-element elementor-element-52fc5c5\" data-id=\"52fc5c5\" data-element_type=\"column\" data-e-type=\"column\">\n\t\t\t<div class=\"elementor-widget-wrap elementor-element-populated\">\n\t\t\t\t\t\t<div class=\"elementor-element elementor-element-9f45bc1 elementor-widget elementor-widget-spacer\" data-id=\"9f45bc1\" data-element_type=\"widget\" data-e-type=\"widget\" data-widget_type=\"spacer.default\">\n\t\t\t\t<div class=\"elementor-widget-container\">\n\t\t\t\t\t\t\t<div class=\"elementor-spacer\">\n\t\t\t<div class=\"elementor-spacer-inner\"><\/div>\n\t\t<\/div>\n\t\t\t\t\t\t<\/div>\n\t\t\t\t<\/div>\n\t\t\t\t\t<\/div>\n\t\t<\/div>\n\t\t\t\t\t<\/div>\n\t\t<\/section>\n\t\t\t\t<section class=\"elementor-section elementor-top-section elementor-element elementor-element-3ebea14 elementor-section-boxed elementor-section-height-default elementor-section-height-default\" data-id=\"3ebea14\" data-element_type=\"section\" data-e-type=\"section\">\n\t\t\t\t\t\t<div class=\"elementor-container elementor-column-gap-default\">\n\t\t\t\t\t<div class=\"elementor-column elementor-col-50 elementor-top-column elementor-element elementor-element-528dfd1\" data-id=\"528dfd1\" data-element_type=\"column\" data-e-type=\"column\">\n\t\t\t<div class=\"elementor-widget-wrap elementor-element-populated\">\n\t\t\t\t\t\t<div class=\"elementor-element elementor-element-e390053 elementor-widget elementor-widget-image\" data-id=\"e390053\" data-element_type=\"widget\" data-e-type=\"widget\" data-widget_type=\"image.default\">\n\t\t\t\t<div class=\"elementor-widget-container\">\n\t\t\t\t\t\t\t\t\t\t\t\t\t\t\t<img fetchpriority=\"high\" decoding=\"async\" width=\"1008\" height=\"756\" src=\"https:\/\/koj-education.fr\/wp-content\/uploads\/2023\/10\/d29e3468-975b-4d17-abb4-d4c65cc71397.jpg\" class=\"attachment-large size-large wp-image-671\" alt=\"\" srcset=\"https:\/\/koj-education.fr\/wp-content\/uploads\/2023\/10\/d29e3468-975b-4d17-abb4-d4c65cc71397.jpg 1008w, https:\/\/koj-education.fr\/wp-content\/uploads\/2023\/10\/d29e3468-975b-4d17-abb4-d4c65cc71397-300x225.jpg 300w, https:\/\/koj-education.fr\/wp-content\/uploads\/2023\/10\/d29e3468-975b-4d17-abb4-d4c65cc71397-768x576.jpg 768w\" sizes=\"(max-width: 1008px) 100vw, 1008px\" \/>\t\t\t\t\t\t\t\t\t\t\t\t\t\t\t<\/div>\n\t\t\t\t<\/div>\n\t\t\t\t\t<\/div>\n\t\t<\/div>\n\t\t\t\t<div class=\"elementor-column elementor-col-50 elementor-top-column elementor-element elementor-element-b0fe0b0\" data-id=\"b0fe0b0\" data-element_type=\"column\" data-e-type=\"column\">\n\t\t\t<div class=\"elementor-widget-wrap elementor-element-populated\">\n\t\t\t\t\t\t<div class=\"elementor-element elementor-element-b2a77da elementor-widget elementor-widget-image\" data-id=\"b2a77da\" data-element_type=\"widget\" data-e-type=\"widget\" data-widget_type=\"image.default\">\n\t\t\t\t<div class=\"elementor-widget-container\">\n\t\t\t\t\t\t\t\t\t\t\t\t\t\t\t<img decoding=\"async\" width=\"1024\" height=\"768\" src=\"https:\/\/koj-education.fr\/wp-content\/uploads\/2023\/10\/IMG_3974-1024x768.jpeg\" class=\"attachment-large size-large wp-image-687\" alt=\"\" srcset=\"https:\/\/koj-education.fr\/wp-content\/uploads\/2023\/10\/IMG_3974-1024x768.jpeg 1024w, https:\/\/koj-education.fr\/wp-content\/uploads\/2023\/10\/IMG_3974-300x225.jpeg 300w, https:\/\/koj-education.fr\/wp-content\/uploads\/2023\/10\/IMG_3974-768x576.jpeg 768w, https:\/\/koj-education.fr\/wp-content\/uploads\/2023\/10\/IMG_3974-1536x1152.jpeg 1536w, https:\/\/koj-education.fr\/wp-content\/uploads\/2023\/10\/IMG_3974-2048x1536.jpeg 2048w\" sizes=\"(max-width: 1024px) 100vw, 1024px\" \/>\t\t\t\t\t\t\t\t\t\t\t\t\t\t\t<\/div>\n\t\t\t\t<\/div>\n\t\t\t\t\t<\/div>\n\t\t<\/div>\n\t\t\t\t\t<\/div>\n\t\t<\/section>\n\t\t\t\t<\/div>\n\t\t","protected":false},"excerpt":{"rendered":"<p>Donation Vous avez le d\u00e9sir profond de contribuer au bien-\u00eatre des enfants, de donner un sens \u00e0 votre g\u00e9n\u00e9rosit\u00e9, et de tisser des liens durables dans un monde parfois turbulent ? Ne tardez pas, faites partie de notre aventure&#8230; Ces enfants aspirent \u00e0 la certitude qu&rsquo;ils ont un soutien en vous, \u00e0 quelqu&rsquo;un sur qui [&hellip;]<\/p>\n","protected":false},"author":1,"featured_media":19,"parent":0,"menu_order":0,"comment_status":"closed","ping_status":"closed","template":"","meta":{"_monsterinsights_skip_tracking":false,"_monsterinsights_sitenote_active":false,"_monsterinsights_sitenote_note":"","_monsterinsights_sitenote_category":0,"_glsr_average":0,"_glsr_ranking":0,"_glsr_reviews":0,"footnotes":""},"class_list":["post-32","page","type-page","status-publish","has-post-thumbnail","hentry"],"blocksy_meta":[],"_links":{"self":[{"href":"https:\/\/koj-education.fr\/album.html\/wp-json\/wp\/v2\/pages\/32","targetHints":{"allow":["GET"]}}],"collection":[{"href":"https:\/\/koj-education.fr\/album.html\/wp-json\/wp\/v2\/pages"}],"about":[{"href":"https:\/\/koj-education.fr\/album.html\/wp-json\/wp\/v2\/types\/page"}],"author":[{"embeddable":true,"href":"https:\/\/koj-education.fr\/album.html\/wp-json\/wp\/v2\/users\/1"}],"replies":[{"embeddable":true,"href":"https:\/\/koj-education.fr\/album.html\/wp-json\/wp\/v2\/comments?post=32"}],"version-history":[{"count":97,"href":"https:\/\/koj-education.fr\/album.html\/wp-json\/wp\/v2\/pages\/32\/revisions"}],"predecessor-version":[{"id":972,"href":"https:\/\/koj-education.fr\/album.html\/wp-json\/wp\/v2\/pages\/32\/revisions\/972"}],"wp:featuredmedia":[{"embeddable":true,"href":"https:\/\/koj-education.fr\/album.html\/wp-json\/wp\/v2\/media\/19"}],"wp:attachment":[{"href":"https:\/\/koj-education.fr\/album.html\/wp-json\/wp\/v2\/media?parent=32"}],"curies":[{"name":"wp","href":"https:\/\/api.w.org\/{rel}","templated":true}]}}