{"id":6,"date":"2021-12-29T12:10:12","date_gmt":"2021-12-29T11:10:12","guid":{"rendered":"http:\/\/rec.enfancesenegal.fr\/?page_id=6"},"modified":"2023-10-13T21:58:42","modified_gmt":"2023-10-13T19:58:42","slug":"kids-of-the-joy","status":"publish","type":"page","link":"https:\/\/koj-education.fr\/album.html\/","title":{"rendered":"Accueil"},"content":{"rendered":"\t\t<div data-elementor-type=\"wp-page\" data-elementor-id=\"6\" class=\"elementor elementor-6\">\n\t\t\t\t\t\t<section class=\"elementor-section elementor-top-section elementor-element elementor-element-ca96c39 elementor-section-boxed elementor-section-height-default elementor-section-height-default\" data-id=\"ca96c39\" data-element_type=\"section\" data-e-type=\"section\">\n\t\t\t\t\t\t<div class=\"elementor-container elementor-column-gap-default\">\n\t\t\t\t\t<div class=\"elementor-column elementor-col-100 elementor-top-column elementor-element elementor-element-d9d3b65\" data-id=\"d9d3b65\" data-element_type=\"column\" data-e-type=\"column\">\n\t\t\t<div class=\"elementor-widget-wrap elementor-element-populated\">\n\t\t\t\t\t\t<div class=\"elementor-element elementor-element-bcf3d44 elementor-widget elementor-widget-heading\" data-id=\"bcf3d44\" data-element_type=\"widget\" data-e-type=\"widget\" data-widget_type=\"heading.default\">\n\t\t\t\t<div class=\"elementor-widget-container\">\n\t\t\t\t\t<h2 class=\"elementor-heading-title elementor-size-default\">Bienvenue chez KOJ - Kids of the Joy <\/h2>\t\t\t\t<\/div>\n\t\t\t\t<\/div>\n\t\t\t\t\t<\/div>\n\t\t<\/div>\n\t\t\t\t\t<\/div>\n\t\t<\/section>\n\t\t\t\t<section class=\"elementor-section elementor-top-section elementor-element elementor-element-833f84c elementor-section-boxed elementor-section-height-default elementor-section-height-default\" data-id=\"833f84c\" data-element_type=\"section\" data-e-type=\"section\">\n\t\t\t\t\t\t<div class=\"elementor-container elementor-column-gap-default\">\n\t\t\t\t\t<div class=\"elementor-column elementor-col-100 elementor-top-column elementor-element elementor-element-a3af299\" data-id=\"a3af299\" data-element_type=\"column\" data-e-type=\"column\">\n\t\t\t<div class=\"elementor-widget-wrap elementor-element-populated\">\n\t\t\t\t\t\t<div class=\"elementor-element elementor-element-f0c34ae elementor-widget elementor-widget-spacer\" data-id=\"f0c34ae\" data-element_type=\"widget\" data-e-type=\"widget\" data-widget_type=\"spacer.default\">\n\t\t\t\t<div class=\"elementor-widget-container\">\n\t\t\t\t\t\t\t<div class=\"elementor-spacer\">\n\t\t\t<div class=\"elementor-spacer-inner\"><\/div>\n\t\t<\/div>\n\t\t\t\t\t\t<\/div>\n\t\t\t\t<\/div>\n\t\t\t\t\t<\/div>\n\t\t<\/div>\n\t\t\t\t\t<\/div>\n\t\t<\/section>\n\t\t\t\t<section class=\"elementor-section elementor-top-section elementor-element elementor-element-4d22469 elementor-section-boxed elementor-section-height-default elementor-section-height-default\" data-id=\"4d22469\" data-element_type=\"section\" data-e-type=\"section\">\n\t\t\t\t\t\t<div class=\"elementor-container elementor-column-gap-default\">\n\t\t\t\t\t<div class=\"elementor-column elementor-col-50 elementor-top-column elementor-element elementor-element-b400837\" data-id=\"b400837\" data-element_type=\"column\" data-e-type=\"column\">\n\t\t\t<div class=\"elementor-widget-wrap elementor-element-populated\">\n\t\t\t\t\t\t<div class=\"elementor-element elementor-element-6e64385 elementor-widget elementor-widget-shortcode\" data-id=\"6e64385\" data-element_type=\"widget\" data-e-type=\"widget\" data-widget_type=\"shortcode.default\">\n\t\t\t\t<div class=\"elementor-widget-container\">\n\t\t\t\t\t\t\t<div class=\"elementor-shortcode\"><div id=\"metaslider-id-7\" style=\"max-width: 900px;\" class=\"ml-slider-3-105-0 metaslider metaslider-flex metaslider-7 ml-slider has-dots-nav ms-theme-default\" role=\"region\" aria-label=\"Page d&#039;accueil\" data-height=\"450\" data-width=\"900\">\n    <div id=\"metaslider_container_7\">\n        <div id=\"metaslider_7\">\n            <ul class='slides'>\n                <li style=\"display: block; width: 100%;\" class=\"slide-1015 ms-image \" aria-roledescription=\"slide\" data-date=\"2023-10-13 11:22:58\" data-filename=\"ff2ecd6c-f62c-455a-a4c3-53f6c995597d-900x450.jpg\" data-slide-type=\"image\"><img fetchpriority=\"high\" decoding=\"async\" src=\"https:\/\/koj-education.fr\/wp-content\/uploads\/2023\/10\/ff2ecd6c-f62c-455a-a4c3-53f6c995597d-900x450.jpg\" height=\"450\" width=\"900\" alt=\"\" class=\"slider-7 slide-1015 msDefaultImage\" title=\"Groupe\" \/><\/li>\n                <li style=\"display: none; width: 100%;\" class=\"slide-1013 ms-image \" aria-roledescription=\"slide\" data-date=\"2023-10-13 11:21:44\" data-filename=\"783e50ee-df3b-42b0-a9c0-df63ca1cb93d-900x450.jpg\" data-slide-type=\"image\"><img decoding=\"async\" src=\"https:\/\/koj-education.fr\/wp-content\/uploads\/2023\/10\/783e50ee-df3b-42b0-a9c0-df63ca1cb93d-900x450.jpg\" height=\"450\" width=\"900\" alt=\"\" class=\"slider-7 slide-1013 msDefaultImage\" title=\"Ecole\" \/><\/li>\n                <li style=\"display: none; width: 100%;\" class=\"slide-980 ms-image \" aria-roledescription=\"slide\" data-date=\"2023-10-13 10:30:54\" data-filename=\"270dd300-bc19-41f2-82d0-439374d32408-900x450.jpg\" data-slide-type=\"image\"><img decoding=\"async\" src=\"https:\/\/koj-education.fr\/wp-content\/uploads\/2023\/10\/270dd300-bc19-41f2-82d0-439374d32408-900x450.jpg\" height=\"450\" width=\"900\" alt=\"\" class=\"slider-7 slide-980 msDefaultImage\" title=\"Maison ext\u00e9rieur\" \/><\/li>\n                <li style=\"display: none; width: 100%;\" class=\"slide-981 ms-image \" aria-roledescription=\"slide\" data-date=\"2023-10-13 10:31:05\" data-filename=\"8a336b4d-65d4-43ec-a745-3d3eb94e68dc-900x450.jpg\" data-slide-type=\"image\"><img loading=\"lazy\" decoding=\"async\" src=\"https:\/\/koj-education.fr\/wp-content\/uploads\/2023\/10\/8a336b4d-65d4-43ec-a745-3d3eb94e68dc-900x450.jpg\" height=\"450\" width=\"900\" alt=\"\" class=\"slider-7 slide-981 msDefaultImage\" title=\"Sorties\" \/><\/li>\n                <li style=\"display: none; width: 100%;\" class=\"slide-983 ms-image \" aria-roledescription=\"slide\" data-date=\"2023-10-13 10:35:00\" data-filename=\"IMG_3974-scaled-900x450.jpeg\" data-slide-type=\"image\"><img loading=\"lazy\" decoding=\"async\" src=\"https:\/\/koj-education.fr\/wp-content\/uploads\/2023\/10\/IMG_3974-scaled-900x450.jpeg\" height=\"450\" width=\"900\" alt=\"\" class=\"slider-7 slide-983 msDefaultImage\" title=\"IMG_3974\" \/><\/li>\n            <\/ul>\n        <\/div>\n        \n    <\/div>\n<\/div><\/div>\n\t\t\t\t\t\t<\/div>\n\t\t\t\t<\/div>\n\t\t\t\t\t<\/div>\n\t\t<\/div>\n\t\t\t\t<div class=\"elementor-column elementor-col-50 elementor-top-column elementor-element elementor-element-a16366e\" data-id=\"a16366e\" data-element_type=\"column\" data-e-type=\"column\">\n\t\t\t<div class=\"elementor-widget-wrap elementor-element-populated\">\n\t\t\t\t\t\t<div class=\"elementor-element elementor-element-11398c7 elementor-widget elementor-widget-image\" data-id=\"11398c7\" data-element_type=\"widget\" data-e-type=\"widget\" data-widget_type=\"image.default\">\n\t\t\t\t<div class=\"elementor-widget-container\">\n\t\t\t\t\t\t\t\t\t\t\t\t\t\t\t<img loading=\"lazy\" decoding=\"async\" width=\"1024\" height=\"830\" src=\"https:\/\/koj-education.fr\/wp-content\/uploads\/2021\/12\/backgroun-e1606645158936-1024x830.png\" class=\"attachment-large size-large wp-image-19\" alt=\"\" srcset=\"https:\/\/koj-education.fr\/wp-content\/uploads\/2021\/12\/backgroun-e1606645158936-1024x830.png 1024w, https:\/\/koj-education.fr\/wp-content\/uploads\/2021\/12\/backgroun-e1606645158936-300x243.png 300w, https:\/\/koj-education.fr\/wp-content\/uploads\/2021\/12\/backgroun-e1606645158936-768x623.png 768w, https:\/\/koj-education.fr\/wp-content\/uploads\/2021\/12\/backgroun-e1606645158936-1536x1246.png 1536w, https:\/\/koj-education.fr\/wp-content\/uploads\/2021\/12\/backgroun-e1606645158936-2048x1661.png 2048w\" sizes=\"(max-width: 1024px) 100vw, 1024px\" \/>\t\t\t\t\t\t\t\t\t\t\t\t\t\t\t<\/div>\n\t\t\t\t<\/div>\n\t\t\t\t\t<\/div>\n\t\t<\/div>\n\t\t\t\t\t<\/div>\n\t\t<\/section>\n\t\t\t\t<section class=\"elementor-section elementor-top-section elementor-element elementor-element-e944ac4 elementor-section-boxed elementor-section-height-default elementor-section-height-default\" data-id=\"e944ac4\" data-element_type=\"section\" data-e-type=\"section\">\n\t\t\t\t\t\t<div class=\"elementor-container elementor-column-gap-default\">\n\t\t\t\t\t<div class=\"elementor-column elementor-col-100 elementor-top-column elementor-element elementor-element-72d5da8\" data-id=\"72d5da8\" data-element_type=\"column\" data-e-type=\"column\">\n\t\t\t<div class=\"elementor-widget-wrap elementor-element-populated\">\n\t\t\t\t\t\t<div class=\"elementor-element elementor-element-3f2bc7d elementor-widget elementor-widget-text-editor\" data-id=\"3f2bc7d\" data-element_type=\"widget\" data-e-type=\"widget\" data-widget_type=\"text-editor.default\">\n\t\t\t\t<div class=\"elementor-widget-container\">\n\t\t\t\t\t\t\t\t\t<p>Chez KOJ, nous croyons en un monde o\u00f9 chaque enfant a le potentiel de briller. Notre mission est d&rsquo;offrir aux enfants d\u00e9favoris\u00e9s des opportunit\u00e9s, un soutien et un environnement propice \u00e0 leur \u00e9panouissement.<\/p><p>\u00c0 travers des parrainages, des dons et une communaut\u00e9 engag\u00e9e, nous construisons des ponts vers un avenir meilleur pour ces enfants. Avec une \u00e9ducation de qualit\u00e9, l&rsquo;acc\u00e8s \u00e0 des activit\u00e9s inspirantes, et des voyages \u00e9ducatifs, nous les pr\u00e9parons \u00e0 r\u00e9aliser leurs r\u00eaves.<\/p><p>Joignez-vous \u00e0 nous pour \u00eatre la lueur d&rsquo;espoir dans la vie de ces enfants. Ensemble, nous cr\u00e9ons une histoire d&rsquo;amour, d&rsquo;apprentissage et d&rsquo;opportunit\u00e9s. Explorez nos actions, d\u00e9couvrez nos t\u00e9moignages, et envisagez de faire partie de cette aventure exceptionnelle.<\/p><p>Rejoignez-nous pour \u00eatre la raison d&rsquo;un sourire, le moteur de la r\u00e9ussite, et l&rsquo;architecte d&rsquo;un avenir radieux. Ensemble, nous faisons la diff\u00e9rence.<\/p>\t\t\t\t\t\t\t\t<\/div>\n\t\t\t\t<\/div>\n\t\t\t\t\t<\/div>\n\t\t<\/div>\n\t\t\t\t\t<\/div>\n\t\t<\/section>\n\t\t\t\t<\/div>\n\t\t","protected":false},"excerpt":{"rendered":"<p>Bienvenue chez KOJ &#8211; Kids of the Joy Chez KOJ, nous croyons en un monde o\u00f9 chaque enfant a le potentiel de briller. Notre mission est d&rsquo;offrir aux enfants d\u00e9favoris\u00e9s des opportunit\u00e9s, un soutien et un environnement propice \u00e0 leur \u00e9panouissement. \u00c0 travers des parrainages, des dons et une communaut\u00e9 engag\u00e9e, nous construisons des ponts [&hellip;]<\/p>\n","protected":false},"author":1,"featured_media":19,"parent":0,"menu_order":0,"comment_status":"closed","ping_status":"closed","template":"","meta":{"_monsterinsights_skip_tracking":false,"_monsterinsights_sitenote_active":false,"_monsterinsights_sitenote_note":"","_monsterinsights_sitenote_category":0,"_glsr_average":0,"_glsr_ranking":0,"_glsr_reviews":0,"footnotes":""},"class_list":["post-6","page","type-page","status-publish","has-post-thumbnail","hentry"],"blocksy_meta":[],"_links":{"self":[{"href":"https:\/\/koj-education.fr\/album.html\/wp-json\/wp\/v2\/pages\/6","targetHints":{"allow":["GET"]}}],"collection":[{"href":"https:\/\/koj-education.fr\/album.html\/wp-json\/wp\/v2\/pages"}],"about":[{"href":"https:\/\/koj-education.fr\/album.html\/wp-json\/wp\/v2\/types\/page"}],"author":[{"embeddable":true,"href":"https:\/\/koj-education.fr\/album.html\/wp-json\/wp\/v2\/users\/1"}],"replies":[{"embeddable":true,"href":"https:\/\/koj-education.fr\/album.html\/wp-json\/wp\/v2\/comments?post=6"}],"version-history":[{"count":40,"href":"https:\/\/koj-education.fr\/album.html\/wp-json\/wp\/v2\/pages\/6\/revisions"}],"predecessor-version":[{"id":1091,"href":"https:\/\/koj-education.fr\/album.html\/wp-json\/wp\/v2\/pages\/6\/revisions\/1091"}],"wp:featuredmedia":[{"embeddable":true,"href":"https:\/\/koj-education.fr\/album.html\/wp-json\/wp\/v2\/media\/19"}],"wp:attachment":[{"href":"https:\/\/koj-education.fr\/album.html\/wp-json\/wp\/v2\/media?parent=6"}],"curies":[{"name":"wp","href":"https:\/\/api.w.org\/{rel}","templated":true}]}}